{"id":3,"date":"2025-07-09T13:56:32","date_gmt":"2025-07-09T13:56:32","guid":{"rendered":"https:\/\/parc.mmkt.dev\/?page_id=3"},"modified":"2025-09-17T20:20:31","modified_gmt":"2025-09-17T18:20:31","slug":"politica-de-privadesa","status":"publish","type":"page","link":"https:\/\/respiraparc.com\/ca\/politica-de-privadesa\/","title":{"rendered":"Pol\u00edtica de privacitat"},"content":{"rendered":"<style>.kb-row-layout-id3_4ade42-39 > .kt-row-column-wrap{align-content:start;}:where(.kb-row-layout-id3_4ade42-39 > .kt-row-column-wrap) > .wp-block-kadence-column{justify-content:start;}.kb-row-layout-id3_4ade42-39 > .kt-row-column-wrap{column-gap:var(--global-kb-gap-md, 2rem);row-gap:var(--global-kb-gap-md, 2rem);padding-top:var(--global-kb-spacing-xl, 4rem);padding-bottom:var(--global-kb-spacing-xl, 4rem);grid-template-columns:minmax(0, 1fr);}.kb-row-layout-id3_4ade42-39 > .kt-row-layout-overlay{opacity:0.30;}@media all and (max-width: 1024px){.kb-row-layout-id3_4ade42-39 > .kt-row-column-wrap{grid-template-columns:minmax(0, 1fr);}}@media all and (max-width: 767px){.kb-row-layout-id3_4ade42-39 > .kt-row-column-wrap{grid-template-columns:minmax(0, 1fr);}}<\/style><div class=\"kb-row-layout-wrap kb-row-layout-id3_4ade42-39 alignnone wp-block-kadence-rowlayout\"><div class=\"kt-row-column-wrap kt-has-1-columns kt-row-layout-equal kt-tab-layout-inherit kt-mobile-layout-row kt-row-valign-top\">\n<style>.kadence-column3_263c70-ab > .kt-inside-inner-col,.kadence-column3_263c70-ab > .kt-inside-inner-col:before{border-top-left-radius:0px;border-top-right-radius:0px;border-bottom-right-radius:0px;border-bottom-left-radius:0px;}.kadence-column3_263c70-ab > .kt-inside-inner-col{column-gap:var(--global-kb-gap-sm, 1rem);}.kadence-column3_263c70-ab > .kt-inside-inner-col{flex-direction:column;}.kadence-column3_263c70-ab > .kt-inside-inner-col > .aligncenter{width:100%;}.kadence-column3_263c70-ab > .kt-inside-inner-col:before{opacity:0.3;}.kadence-column3_263c70-ab{position:relative;}@media all and (max-width: 1024px){.kadence-column3_263c70-ab > .kt-inside-inner-col{flex-direction:column;justify-content:center;}}@media all and (max-width: 767px){.kadence-column3_263c70-ab > .kt-inside-inner-col{flex-direction:column;justify-content:center;}}<\/style>\n<div class=\"wp-block-kadence-column kadence-column3_263c70-ab\"><div class=\"kt-inside-inner-col\">\n<p>Des de INSPIRA som conscients de la import\u00e0ncia que suposa obtenir informaci\u00f3 clara i transparent sobre l&#8217; us que fem de la informaci\u00f3 que ens proporcionen. Mitjan\u00e7ant la present Pol\u00edtica de Privacitat els hi detallem com tractem les seves dades personals quan es relacionen amb GRUP RESPIRA.<br>Al visitar les nostres webs accepta i consenteix la present Pol\u00edtica de Privacitat.<\/p>\n\n\n\n<h4 class=\"wp-block-heading\">Qui \u00e9s el Responsable del tractament de les seves dades?<\/h4>\n\n\n\n<p><strong>Identitat<\/strong><\/p>\n\n\n\n<p>INSPIRA ENERGIA, S.L. CIF B-66960832<br>RESPIRA ENERGIA MEDITERR\u00c0NIA, S.A. CIF A-65376766<br>RESPIRA ENERGIA ESPA\u00d1A, S.L. CIF B-64445224<\/p>\n\n\n\n<p><strong>Tel\u00e8fon<\/strong><\/p>\n\n\n\n<p>9318 02 960 &#8211; 911 599 811<\/p>\n\n\n\n<p><strong>E-mail<\/strong><\/p>\n\n\n\n<p>privacy@respiraenergia.com<\/p>\n\n\n\n<h4 class=\"wp-block-heading\">Amb quina finalitat tractem les seves dades?<\/h4>\n\n\n\n<p>Gesti\u00f3 de la nostra relaci\u00f3 contractual, gesti\u00f3 de les factures, fidelitzaci\u00f3 com a usuari i realitzaci\u00f3 d&#8217;enquestes de qualitat del servei.<br>Permetre el funcionament de les nostres websites, a trav\u00e9s de cookies t\u00e8cniques i funcionals tal com es detalla a la nostra pol\u00edtica de cookies https:\/\/www.respiraenergia.com\/Home\/PoliticaCookies<\/p>\n\n\n\n<h4 class=\"wp-block-heading\">Quan de temps conservarem les seves dades?<\/h4>\n\n\n\n<p>Les seves dades personals es conservaran mentre es mantingui la seva relaci\u00f3 ambel grup RESPIRA i, despr\u00e9s de la finalitzaci\u00f3 d&#8217;aquesta relaci\u00f3 per qualsevol causa, durant els terminis de prescripci\u00f3 legals que siguin d&#8217;aplicaci\u00f3.<br>Un cop finalitzada l&#8217;esmentada relaci\u00f3 ambel grup RESPIRA les seves dades es tractaran als sols efectes d&#8217;acreditar el compliment de les obligacions legals.<br>Finalitzats aquests terminis de prescripci\u00f3, les seves dades seran eliminades.<\/p>\n\n\n\n<h4 class=\"wp-block-heading\">Quina \u00e9s la legitimaci\u00f3 pel tractament de les seves dades?<\/h4>\n\n\n\n<p>Les seves dades provenen de la relaci\u00f3 contractual existent entre les parts com a conseq\u00fc\u00e8ncia de la firma d\u2019algun contracte amb el grup RESPIRA.<\/p>\n\n\n\n<h4 class=\"wp-block-heading\">A qui comunicarem les seves dades?<\/h4>\n\n\n\n<p>RESPIRA garanteix que sota cap circumst\u00e0ncia ven, ofereix i\/o comercialitza amb les seves dades d\u2019usuari.<\/p>\n\n\n\n<h4 class=\"wp-block-heading\">Quins s\u00f3n els seus drets quan ens facilita les seves dades?<\/h4>\n\n\n\n<p>Els usuaris de RESPIRA tenen dret a accedir a les seves dades personals, aix\u00ed com sol\u00b7licitar la seva correcci\u00f3 de dades inexactes o, si escau, sol\u00b7licitar l&#8217;eliminaci\u00f3 quan, entre altres motius, les dades ja no s\u00f3n necess\u00e0ries per a la finalitat que es van lliurar. L&#8217;exercici dels drets esmentats es pot fer per correu electr\u00f2nic a privacy@respiraenergia.com o enviant una carta a l&#8217;adre\u00e7a social de l&#8217;empresa del grup RESPIRA a la qual es dirigeix.<\/p>\n\n\n\n<h4 class=\"wp-block-heading\">Contacte<\/h4>\n\n\n\n<p>Per a qualsevol consulta sobre el tractament de les seves dades pot posar-se en contacte amb privacy@respiraenergia.com.<\/p>\n<\/div><\/div>\n\n<\/div><\/div>","protected":false},"excerpt":{"rendered":"<p>Des de INSPIRA som conscients de la import\u00e0ncia que suposa obtenir informaci\u00f3 clara i transparent sobre l&#8217; us que fem de la informaci\u00f3 que ens proporcionen. Mitjan\u00e7ant la present Pol\u00edtica de Privacitat els hi detallem com tractem les seves dades personals quan es relacionen amb GRUP RESPIRA.Al visitar les nostres webs accepta i consenteix la&#8230;<\/p>\n","protected":false},"author":1,"featured_media":0,"parent":0,"menu_order":0,"comment_status":"closed","ping_status":"closed","template":"","meta":{"inline_featured_image":false,"_kad_blocks_custom_css":"","_kad_blocks_head_custom_js":"","_kad_blocks_body_custom_js":"","_kad_blocks_footer_custom_js":"","_kad_post_transparent":"","_kad_post_title":"show","_kad_post_layout":"","_kad_post_sidebar_id":"","_kad_post_content_style":"","_kad_post_vertical_padding":"","_kad_post_feature":"","_kad_post_feature_position":"","_kad_post_header":false,"_kad_post_footer":false,"_kad_post_classname":"","footnotes":""},"class_list":["post-3","page","type-page","status-publish","hentry"],"yoast_head":"<!-- This site is optimized with the Yoast SEO plugin v26.5 - https:\/\/yoast.com\/wordpress\/plugins\/seo\/ -->\n<title>Pol\u00edtica de privacitat - RespiraParc<\/title>\n<meta name=\"robots\" content=\"index, follow, max-snippet:-1, max-image-preview:large, max-video-preview:-1\" \/>\n<link rel=\"canonical\" href=\"https:\/\/respiraparc.com\/ca\/politica-de-privadesa\/\" \/>\n<meta property=\"og:locale\" content=\"ca_ES\" \/>\n<meta property=\"og:type\" content=\"article\" \/>\n<meta property=\"og:title\" content=\"Pol\u00edtica de privacitat - RespiraParc\" \/>\n<meta property=\"og:description\" content=\"Des de INSPIRA som conscients de la import\u00e0ncia que suposa obtenir informaci\u00f3 clara i transparent sobre l&#8217; us que fem de la informaci\u00f3 que ens proporcionen. Mitjan\u00e7ant la present Pol\u00edtica de Privacitat els hi detallem com tractem les seves dades personals quan es relacionen amb GRUP RESPIRA.Al visitar les nostres webs accepta i consenteix la...\" \/>\n<meta property=\"og:url\" content=\"https:\/\/respiraparc.com\/ca\/politica-de-privadesa\/\" \/>\n<meta property=\"og:site_name\" content=\"RespiraParc\" \/>\n<meta property=\"article:modified_time\" content=\"2025-09-17T18:20:31+00:00\" \/>\n<meta name=\"twitter:card\" content=\"summary_large_image\" \/>\n<meta name=\"twitter:label1\" content=\"Temps estimat de lectura\" \/>\n\t<meta name=\"twitter:data1\" content=\"3 minuts\" \/>\n<script type=\"application\/ld+json\" class=\"yoast-schema-graph\">{\"@context\":\"https:\/\/schema.org\",\"@graph\":[{\"@type\":\"WebPage\",\"@id\":\"https:\/\/respiraparc.com\/ca\/politica-de-privadesa\/\",\"url\":\"https:\/\/respiraparc.com\/ca\/politica-de-privadesa\/\",\"name\":\"Pol\u00edtica de privacitat - RespiraParc\",\"isPartOf\":{\"@id\":\"https:\/\/respiraparc.com\/ca\/#website\"},\"datePublished\":\"2025-07-09T13:56:32+00:00\",\"dateModified\":\"2025-09-17T18:20:31+00:00\",\"breadcrumb\":{\"@id\":\"https:\/\/respiraparc.com\/ca\/politica-de-privadesa\/#breadcrumb\"},\"inLanguage\":\"ca\",\"potentialAction\":[{\"@type\":\"ReadAction\",\"target\":[\"https:\/\/respiraparc.com\/ca\/politica-de-privadesa\/\"]}]},{\"@type\":\"BreadcrumbList\",\"@id\":\"https:\/\/respiraparc.com\/ca\/politica-de-privadesa\/#breadcrumb\",\"itemListElement\":[{\"@type\":\"ListItem\",\"position\":1,\"name\":\"Home\",\"item\":\"https:\/\/respiraparc.com\/ca\/\"},{\"@type\":\"ListItem\",\"position\":2,\"name\":\"Pol\u00edtica de privacitat\"}]},{\"@type\":\"WebSite\",\"@id\":\"https:\/\/respiraparc.com\/ca\/#website\",\"url\":\"https:\/\/respiraparc.com\/ca\/\",\"name\":\"RespiraParc\",\"description\":\"Energia neta per al teu vehicle\",\"publisher\":{\"@id\":\"https:\/\/respiraparc.com\/ca\/#organization\"},\"potentialAction\":[{\"@type\":\"SearchAction\",\"target\":{\"@type\":\"EntryPoint\",\"urlTemplate\":\"https:\/\/respiraparc.com\/ca\/?s={search_term_string}\"},\"query-input\":{\"@type\":\"PropertyValueSpecification\",\"valueRequired\":true,\"valueName\":\"search_term_string\"}}],\"inLanguage\":\"ca\"},{\"@type\":\"Organization\",\"@id\":\"https:\/\/respiraparc.com\/ca\/#organization\",\"name\":\"RespiraParc\",\"url\":\"https:\/\/respiraparc.com\/ca\/\",\"logo\":{\"@type\":\"ImageObject\",\"inLanguage\":\"ca\",\"@id\":\"https:\/\/respiraparc.com\/ca\/#\/schema\/logo\/image\/\",\"url\":\"https:\/\/respiraparc.com\/wp-content\/uploads\/2025\/12\/Respira-parc-logo.svg\",\"contentUrl\":\"https:\/\/respiraparc.com\/wp-content\/uploads\/2025\/12\/Respira-parc-logo.svg\",\"caption\":\"RespiraParc\"},\"image\":{\"@id\":\"https:\/\/respiraparc.com\/ca\/#\/schema\/logo\/image\/\"}}]}<\/script>\n<!-- \/ Yoast SEO plugin. -->","yoast_head_json":{"title":"Pol\u00edtica de privacitat - RespiraParc","robots":{"index":"index","follow":"follow","max-snippet":"max-snippet:-1","max-image-preview":"max-image-preview:large","max-video-preview":"max-video-preview:-1"},"canonical":"https:\/\/respiraparc.com\/ca\/politica-de-privadesa\/","og_locale":"ca_ES","og_type":"article","og_title":"Pol\u00edtica de privacitat - RespiraParc","og_description":"Des de INSPIRA som conscients de la import\u00e0ncia que suposa obtenir informaci\u00f3 clara i transparent sobre l&#8217; us que fem de la informaci\u00f3 que ens proporcionen. Mitjan\u00e7ant la present Pol\u00edtica de Privacitat els hi detallem com tractem les seves dades personals quan es relacionen amb GRUP RESPIRA.Al visitar les nostres webs accepta i consenteix la...","og_url":"https:\/\/respiraparc.com\/ca\/politica-de-privadesa\/","og_site_name":"RespiraParc","article_modified_time":"2025-09-17T18:20:31+00:00","twitter_card":"summary_large_image","twitter_misc":{"Temps estimat de lectura":"3 minuts"},"schema":{"@context":"https:\/\/schema.org","@graph":[{"@type":"WebPage","@id":"https:\/\/respiraparc.com\/ca\/politica-de-privadesa\/","url":"https:\/\/respiraparc.com\/ca\/politica-de-privadesa\/","name":"Pol\u00edtica de privacitat - RespiraParc","isPartOf":{"@id":"https:\/\/respiraparc.com\/ca\/#website"},"datePublished":"2025-07-09T13:56:32+00:00","dateModified":"2025-09-17T18:20:31+00:00","breadcrumb":{"@id":"https:\/\/respiraparc.com\/ca\/politica-de-privadesa\/#breadcrumb"},"inLanguage":"ca","potentialAction":[{"@type":"ReadAction","target":["https:\/\/respiraparc.com\/ca\/politica-de-privadesa\/"]}]},{"@type":"BreadcrumbList","@id":"https:\/\/respiraparc.com\/ca\/politica-de-privadesa\/#breadcrumb","itemListElement":[{"@type":"ListItem","position":1,"name":"Home","item":"https:\/\/respiraparc.com\/ca\/"},{"@type":"ListItem","position":2,"name":"Pol\u00edtica de privacitat"}]},{"@type":"WebSite","@id":"https:\/\/respiraparc.com\/ca\/#website","url":"https:\/\/respiraparc.com\/ca\/","name":"RespiraParc","description":"Energia neta per al teu vehicle","publisher":{"@id":"https:\/\/respiraparc.com\/ca\/#organization"},"potentialAction":[{"@type":"SearchAction","target":{"@type":"EntryPoint","urlTemplate":"https:\/\/respiraparc.com\/ca\/?s={search_term_string}"},"query-input":{"@type":"PropertyValueSpecification","valueRequired":true,"valueName":"search_term_string"}}],"inLanguage":"ca"},{"@type":"Organization","@id":"https:\/\/respiraparc.com\/ca\/#organization","name":"RespiraParc","url":"https:\/\/respiraparc.com\/ca\/","logo":{"@type":"ImageObject","inLanguage":"ca","@id":"https:\/\/respiraparc.com\/ca\/#\/schema\/logo\/image\/","url":"https:\/\/respiraparc.com\/wp-content\/uploads\/2025\/12\/Respira-parc-logo.svg","contentUrl":"https:\/\/respiraparc.com\/wp-content\/uploads\/2025\/12\/Respira-parc-logo.svg","caption":"RespiraParc"},"image":{"@id":"https:\/\/respiraparc.com\/ca\/#\/schema\/logo\/image\/"}}]}},"taxonomy_info":[],"featured_image_src_large":false,"author_info":{"display_name":"jordi","author_link":"https:\/\/respiraparc.com\/ca\/author\/jordi\/"},"comment_info":"","_links":{"self":[{"href":"https:\/\/respiraparc.com\/ca\/wp-json\/wp\/v2\/pages\/3","targetHints":{"allow":["GET"]}}],"collection":[{"href":"https:\/\/respiraparc.com\/ca\/wp-json\/wp\/v2\/pages"}],"about":[{"href":"https:\/\/respiraparc.com\/ca\/wp-json\/wp\/v2\/types\/page"}],"author":[{"embeddable":true,"href":"https:\/\/respiraparc.com\/ca\/wp-json\/wp\/v2\/users\/1"}],"replies":[{"embeddable":true,"href":"https:\/\/respiraparc.com\/ca\/wp-json\/wp\/v2\/comments?post=3"}],"version-history":[{"count":4,"href":"https:\/\/respiraparc.com\/ca\/wp-json\/wp\/v2\/pages\/3\/revisions"}],"predecessor-version":[{"id":547,"href":"https:\/\/respiraparc.com\/ca\/wp-json\/wp\/v2\/pages\/3\/revisions\/547"}],"wp:attachment":[{"href":"https:\/\/respiraparc.com\/ca\/wp-json\/wp\/v2\/media?parent=3"}],"curies":[{"name":"wp","href":"https:\/\/api.w.org\/{rel}","templated":true}]}}