{"id":549,"date":"2025-09-17T20:21:57","date_gmt":"2025-09-17T18:21:57","guid":{"rendered":"https:\/\/inspiraparc.com\/?page_id=549"},"modified":"2025-09-17T20:21:58","modified_gmt":"2025-09-17T18:21:58","slug":"avis-legal","status":"publish","type":"page","link":"https:\/\/respiraparc.com\/ca\/avis-legal\/","title":{"rendered":"Av\u00eds legal"},"content":{"rendered":"<style>.kb-row-layout-id549_906217-9b > .kt-row-column-wrap{align-content:start;}:where(.kb-row-layout-id549_906217-9b > .kt-row-column-wrap) > .wp-block-kadence-column{justify-content:start;}.kb-row-layout-id549_906217-9b > .kt-row-column-wrap{column-gap:var(--global-kb-gap-md, 2rem);row-gap:var(--global-kb-gap-md, 2rem);padding-top:var(--global-kb-spacing-xl, 4rem);padding-bottom:var(--global-kb-spacing-xl, 4rem);grid-template-columns:minmax(0, 1fr);}.kb-row-layout-id549_906217-9b > .kt-row-layout-overlay{opacity:0.30;}@media all and (max-width: 1024px){.kb-row-layout-id549_906217-9b > .kt-row-column-wrap{grid-template-columns:minmax(0, 1fr);}}@media all and (max-width: 767px){.kb-row-layout-id549_906217-9b > .kt-row-column-wrap{grid-template-columns:minmax(0, 1fr);}}<\/style><div class=\"kb-row-layout-wrap kb-row-layout-id549_906217-9b alignnone wp-block-kadence-rowlayout\"><div class=\"kt-row-column-wrap kt-has-1-columns kt-row-layout-equal kt-tab-layout-inherit kt-mobile-layout-row kt-row-valign-top\">\n<style>.kadence-column549_582f9b-9d > .kt-inside-inner-col,.kadence-column549_582f9b-9d > .kt-inside-inner-col:before{border-top-left-radius:0px;border-top-right-radius:0px;border-bottom-right-radius:0px;border-bottom-left-radius:0px;}.kadence-column549_582f9b-9d > .kt-inside-inner-col{column-gap:var(--global-kb-gap-sm, 1rem);}.kadence-column549_582f9b-9d > .kt-inside-inner-col{flex-direction:column;}.kadence-column549_582f9b-9d > .kt-inside-inner-col > .aligncenter{width:100%;}.kadence-column549_582f9b-9d > .kt-inside-inner-col:before{opacity:0.3;}.kadence-column549_582f9b-9d{position:relative;}@media all and (max-width: 1024px){.kadence-column549_582f9b-9d > .kt-inside-inner-col{flex-direction:column;justify-content:center;}}@media all and (max-width: 767px){.kadence-column549_582f9b-9d > .kt-inside-inner-col{flex-direction:column;justify-content:center;}}<\/style>\n<div class=\"wp-block-kadence-column kadence-column549_582f9b-9d\"><div class=\"kt-inside-inner-col\">\n<h4 class=\"wp-block-heading\">Dades identificatives<\/h4>\n\n\n\n<p>INSPIRA ENERGIA, S.L. amb CIF B66960832 i domicili social C\/ Doctor Trueta, 183, 9-5 &#8211; 08005 Barcelona, en endavant INSPIRA ENERGIA. \u00c9s una companyia dedicada a la construcci\u00f3 i operaci\u00f3 de: plantes d\u2019electricitat lliures de CO2 i punts de rec\u00e0rrega de vehicles el\u00e8ctrics.<\/p>\n\n\n\n<h4 class=\"wp-block-heading\">Acceptaci\u00f3 de l&#8217;av\u00eds legal<\/h4>\n\n\n\n<p>L\u2019acc\u00e9s en aquesta p\u00e0gina web o la seva utilitzaci\u00f3 en qualsevol forma implica la acceptaci\u00f3 de la totalitat del redactat del present Av\u00eds Legal. INSPIRA ENERGIA, es reserva el dret a modificar en qualsevol moment el present Av\u00eds. En conseq\u00fc\u00e8ncia, ser\u00e0 responsabilitat de tot Usuari, la lectura del Av\u00eds Legal vigent en cada una de les ocasions que accedeixi a la p\u00e0gina de INSPIRA, de forma que en cas de no estar-hi conforme amb qualsevol de les condicions redactades, haur\u00e0 de abstindes respecte a l\u2019\u00fas de la present p\u00e0gina web.<\/p>\n\n\n\n<h4 class=\"wp-block-heading\">Condicions d&#8217;\u00fas del web<\/h4>\n\n\n\n<p>L\u2019usuari es compromet a fer un \u00fas adequat i l\u00edcit de la p\u00e0gina web de conformitat amb el que la llei i el present Av\u00eds Legal. El Usuari haur\u00e0 d\u2019abstenir-se de:<\/p>\n\n\n\n<ol class=\"wp-block-list\">\n<li>Donar un \u00fas no autoritzat o fraudulent de la pagina web i\/o el seu contingut amb fins o efectes il\u2022l\u00edcits, prohibits en el present av\u00eds legal, lesius als drets o interessos de tercers, que de qualsevol forma pugi malmetre, inutilitzar, sobrecarregar, deteriorar o impedir la utilitzaci\u00f3 normal dels serveis o documents, arxius i tota classe de contingut emmagatzemat en qualsevol equip inform\u00e0tic.<\/li>\n\n\n\n<li>Accedir o intentar accedir a recursos o \u00e0rees restringides d\u2019aquesta p\u00e0gina web i de la p\u00e0gina web de https:\/\/www.inspiraenergia.com\/vo\/ , sense complir les condicions exigides per l\u2019acc\u00e9s a la mateixa.<\/li>\n\n\n\n<li>Provocar danys als sistemes f\u00edsics o l\u00f2gics de la p\u00e0gina web , als seus prove\u00efdors o a tercers.<\/li>\n\n\n\n<li>Introduir o difondre a la xarxa virus inform\u00e0tics o qualsevol altre sistema f\u00edsic o l\u00f2gic que sigui susceptible de provocar danys als sistemes f\u00edsics o l\u00f2gics de INSPIRA ENERGIA, o dels seus prove\u00efdors o de tercers.<\/li>\n\n\n\n<li>Intentar accedir, utilitzar i\/o manipular les dades de INSPIRA ENERGIA, o de tercers prove\u00efdors o altres usuaris.<\/li>\n\n\n\n<li>Reproduir o copiar, distribuir, permetre l\u2019acc\u00e9s del p\u00fablica a trav\u00e9s de qualsevol modalitat de comunicaci\u00f3 p\u00fablica, transformar o modificar els continguts, a menys que es disposi de l\u2019autoritzaci\u00f3 de INSPIRA ENERGIA per realitzar-ho.<\/li>\n\n\n\n<li>Suprimir, ocultar o manipular las notes sobre els drets de propietat intel\u2022lectual o industrial i les dem\u00e9s dades identificatives dels drets de INSPIRA ENERGIA o de tercers incorporats als continguts, aix\u00ed com els dispositius t\u00e8cnics de protecci\u00f3 o qualsevol mecanisme d\u2019informaci\u00f3 que pugui introduir-se en els continguts.<\/li>\n\n\n\n<li>Obtenir o intentar obtenir els continguts utilitzant mitjans o medis diferents del que, segons els casos, s\u2019hagi posat a disposici\u00f3 a l\u2019efecte o s\u2019hagi indicat expressament en las p\u00e0gines web on es troben els continguts o, en general, dels que s\u2019utilitzen habitualment a Internet per no generar un risc de dany o inutilitzaci\u00f3 de la p\u00e0gina web i\/o dels seus continguts.<\/li>\n\n\n\n<li>En particular, i a t\u00edtol merament indicatiu i no exhaustiu, l\u2019Usuari es compromet a no transmetre, difondre o posar a disposici\u00f3 de tercers informaci\u00f3, dades, continguts, missatges, gr\u00e0fics, dibuixos, arxius de so i\/o imatge, fotografies, gravacions, software i, en general, qualsevol classe de material que sigui contrari a la legislaci\u00f3 actual, a la moral, al ordre p\u00fablic i, en general, a fer un us conforme a les presents condicions legals.<\/li>\n<\/ol>\n\n\n\n<h4 class=\"wp-block-heading\">Exclusions de responsabilitat<\/h4>\n\n\n\n<p>INSPIRA ENERGIA, no es fa responsable per danys, perjudicis, p\u00e8rdues, reclamacions o gastos produ\u00efts per:<\/p>\n\n\n\n<ol class=\"wp-block-list\">\n<li>Intromissi\u00f3 il\u2022leg\u00edtima mitjan\u00e7ant l\u2019\u00fas de programes malignes de qualsevol tipus i a trav\u00e9s de qualsevol mitj\u00e0 de comunicaci\u00f3, tals com virus inform\u00e0tic o qualsevol altre:<\/li>\n\n\n\n<li>Ab\u00fas indegut o inadequat de les p\u00e0gines web de INSPIRA ENERGIA.<\/li>\n\n\n\n<li>Errors de seguretat o de navegaci\u00f3 produ\u00efts per un mal funcionament del navegador o per el \u00fas de versions no actualitzades del mateix. Els administradors de INSPIRA ENERGIA es reserven el dret a retirar, total o parcialment, qualsevol contingut o informaci\u00f3 present a la web.<\/li>\n<\/ol>\n\n\n\n<h4 class=\"wp-block-heading\">industrialProperty<\/h4>\n\n\n\n<p>Tots els continguts de la present p\u00e0gina web son titularitat de INSPIRA ENERGIA, S.L. i estan protegits per la legislaci\u00f3 de propietat intel\u2022lectual, sense que puguin entendres cedits al usuari cap dels drets d\u2019explotaci\u00f3 sobre els mateixos m\u00e9s enll\u00e0 del estrictament necessari per el correcte funcionament de la p\u00e0gina web.<\/p>\n\n\n\n<h4 class=\"wp-block-heading\">Navegaci\u00f3 amb cookies<\/h4>\n\n\n\n<p>Es comunica als usuaris que s\u2019utilitzen cookies (pr\u00f2pies i de tercers) quan el usuari navega per els diferents continguts que conformen la present web. Les cookies utilitzades son guardades al disc dur de l\u2019usuari per\u00f2 aquest no llegeixen cap altre contingut del disc dur de l\u2019usuari. No obstant, si l\u2019usuari vol impedir la utilitzaci\u00f3 de cookies ho pot fer a trav\u00e9s de les opcions que faciliten els navegadors web. En qualsevol cas mai es recollir\u00e0 dades de car\u00e0cter personal a les cookies.<\/p>\n\n\n\n<h4 class=\"wp-block-heading\">Competencia judicial<\/h4>\n\n\n\n<p>Les parts se sotmeten, a elecci\u00f3, per a la resoluci\u00f3 dels conflictes i amb ren\u00fancia a qualsevol altre feu als jutjats i tribunals del domicili de l&#8217;usuari.<\/p>\n\n\n\n<h4 class=\"wp-block-heading\">Protecci\u00f3 de dades personals<\/h4>\n\n\n\n<p>L&#8217;informem que si ens facilita el seu CV a trav\u00e9s del formulari, les seves dades de car\u00e0cter personal seran incloses i tractades en el fitxer d&#8217;Ofertes Comercials i CV&#8217;s de titularitat de INSPIRA ENERGIA amb codi d&#8217;inscripci\u00f3 2102101370 en l&#8217;Ag\u00e8ncia Espanyola de Protecci\u00f3 de Dades. La finalitat de les dades \u00e9s exclusivament per valorar el seu CV o b\u00e9 per entregar-li ofertes comercials dels serveis de INSPIRA.<\/p>\n\n\n\n<p>Les seves dades nom\u00e9s estaran a disposici\u00f3 de INSPIRA ENERGIA podent exercir els drets d&#8217;acc\u00e9s, rectificaci\u00f3, cancel\u2022laci\u00f3 i oposici\u00f3 per escrit rem\u00e8s a app@inspiraenergia.com o a l&#8217;adre\u00e7a C\/Doctor Trueta, 183, 9-5 &#8211; 08005 Barcelona.<\/p>\n\n\n\n<h4 class=\"wp-block-heading\">M\u00e8todes de pagament<\/h4>\n\n\n\n<p>Els m\u00e8todes de pagament acceptats a INSPIRA s\u00f3n:<\/p>\n\n\n\n<ol class=\"wp-block-list\">\n<li>Domiciliaci\u00f3 bancaria<\/li>\n\n\n\n<li>Transfer\u00e8ncia<\/li>\n\n\n\n<li>Pagaments amb tarjeta: Visa, Visa Electron 4B, Euro6000, MasterCard, American Express i Maestro Internacional<\/li>\n<\/ol>\n\n\n\n<figure class=\"wp-block-image\"><img decoding=\"async\" src=\"https:\/\/www.inspiraenergia.com\/images\/image_of_credit-cards_accpeted.gif\" alt=\"\"\/><\/figure>\n\n\n\n<h4 class=\"wp-block-heading\">Pol\u00edtica de devoluci\u00f3 i Dret de Desestiment<\/h4>\n\n\n\n<p>Els productes que s\u2019hagin adquirit a trav\u00e9s de INSPIRA podran ser retornats durant els posteriors 30 dies des de la seva entrega. La sol\u00b7licitud de devoluci\u00f3 caldr\u00e0 cursar-la telef\u00f2nicament o b\u00e9 per e-mail app@inspiraenergia.com. En el cas de contractes el titular del contracte tindr\u00e0 dret a desistir del mateix durant els propers 15 dies des de la firma del mateix.<\/p>\n\n\n\n<h4 class=\"wp-block-heading\">Pol\u00edtica d\u2019enviaments<\/h4>\n\n\n\n<p>Els enviament ser\u00e1n realitzats a trav\u00e9s d\u2019empreses professionals i el pla\u00e7 d\u2019entrega habitual per l\u2019enviament ser\u00e1 de 24h a 48h. L\u2019entrega ser\u00e1 personalitzada entre les 9AM i 19PM.<\/p>\n\n\n\n<h4 class=\"wp-block-heading\">Pol\u00edtica de venta<\/h4>\n\n\n\n<p>A trav\u00e9s del present web pot contractar serveis de INSPIRA per diferents finalitats: obtenci\u00f3 de cr\u00e8dit per utilitzaci\u00f3 de la xarxa de punts de rec\u00e0rrega de vehicles el\u00e8ctrics, o b\u00e9 per la construcci\u00f3 d\u2019instal\u00b7lacions de producci\u00f3 d\u2019energia 100% lliure de CO2. Per a cada finalitat se li presentar\u00e0 un contracte en PDF on es detallaran les condicions generals i particulars del servei. Cal que revisi el contracte en PDF degut a que queda subjecte a les condicions que s\u2019hi detallen. En tots els contractes existeix la possibilitat de desistiment de 15 dies posteriors a la firma. Aix\u00ed com en els contractes en els que s\u2019entrega producte f\u00edsic el dret de devoluci\u00f3 en els posteriors 30 dies de rebre el producte.<\/p>\n<\/div><\/div>\n\n<\/div><\/div>","protected":false},"excerpt":{"rendered":"<p>Dades identificatives INSPIRA ENERGIA, S.L. amb CIF B66960832 i domicili social C\/ Doctor Trueta, 183, 9-5 &#8211; 08005 Barcelona, en endavant INSPIRA ENERGIA. \u00c9s una companyia dedicada a la construcci\u00f3 i operaci\u00f3 de: plantes d\u2019electricitat lliures de CO2 i punts de rec\u00e0rrega de vehicles el\u00e8ctrics. Acceptaci\u00f3 de l&#8217;av\u00eds legal L\u2019acc\u00e9s en aquesta p\u00e0gina web o&#8230;<\/p>\n","protected":false},"author":1,"featured_media":0,"parent":0,"menu_order":0,"comment_status":"closed","ping_status":"closed","template":"","meta":{"inline_featured_image":false,"_kad_blocks_custom_css":"","_kad_blocks_head_custom_js":"","_kad_blocks_body_custom_js":"","_kad_blocks_footer_custom_js":"","_kad_post_transparent":"","_kad_post_title":"show","_kad_post_layout":"","_kad_post_sidebar_id":"","_kad_post_content_style":"","_kad_post_vertical_padding":"","_kad_post_feature":"","_kad_post_feature_position":"","_kad_post_header":false,"_kad_post_footer":false,"_kad_post_classname":"","footnotes":""},"class_list":["post-549","page","type-page","status-publish","hentry"],"yoast_head":"<!-- This site is optimized with the Yoast SEO plugin v26.5 - https:\/\/yoast.com\/wordpress\/plugins\/seo\/ -->\n<title>Av\u00eds legal - RespiraParc<\/title>\n<meta name=\"robots\" content=\"index, follow, max-snippet:-1, max-image-preview:large, max-video-preview:-1\" \/>\n<link rel=\"canonical\" href=\"https:\/\/respiraparc.com\/ca\/avis-legal\/\" \/>\n<meta property=\"og:locale\" content=\"ca_ES\" \/>\n<meta property=\"og:type\" content=\"article\" \/>\n<meta property=\"og:title\" content=\"Av\u00eds legal - RespiraParc\" \/>\n<meta property=\"og:description\" content=\"Dades identificatives INSPIRA ENERGIA, S.L. amb CIF B66960832 i domicili social C\/ Doctor Trueta, 183, 9-5 &#8211; 08005 Barcelona, en endavant INSPIRA ENERGIA. \u00c9s una companyia dedicada a la construcci\u00f3 i operaci\u00f3 de: plantes d\u2019electricitat lliures de CO2 i punts de rec\u00e0rrega de vehicles el\u00e8ctrics. Acceptaci\u00f3 de l&#8217;av\u00eds legal L\u2019acc\u00e9s en aquesta p\u00e0gina web o...\" \/>\n<meta property=\"og:url\" content=\"https:\/\/respiraparc.com\/ca\/avis-legal\/\" \/>\n<meta property=\"og:site_name\" content=\"RespiraParc\" \/>\n<meta property=\"article:modified_time\" content=\"2025-09-17T18:21:58+00:00\" \/>\n<meta property=\"og:image\" content=\"https:\/\/www.inspiraenergia.com\/images\/image_of_credit-cards_accpeted.gif\" \/>\n<meta name=\"twitter:card\" content=\"summary_large_image\" \/>\n<meta name=\"twitter:label1\" content=\"Temps estimat de lectura\" \/>\n\t<meta name=\"twitter:data1\" content=\"7 minuts\" \/>\n<script type=\"application\/ld+json\" class=\"yoast-schema-graph\">{\"@context\":\"https:\/\/schema.org\",\"@graph\":[{\"@type\":\"WebPage\",\"@id\":\"https:\/\/respiraparc.com\/ca\/avis-legal\/\",\"url\":\"https:\/\/respiraparc.com\/ca\/avis-legal\/\",\"name\":\"Av\u00eds legal - RespiraParc\",\"isPartOf\":{\"@id\":\"https:\/\/respiraparc.com\/ca\/#website\"},\"primaryImageOfPage\":{\"@id\":\"https:\/\/respiraparc.com\/ca\/avis-legal\/#primaryimage\"},\"image\":{\"@id\":\"https:\/\/respiraparc.com\/ca\/avis-legal\/#primaryimage\"},\"thumbnailUrl\":\"https:\/\/www.inspiraenergia.com\/images\/image_of_credit-cards_accpeted.gif\",\"datePublished\":\"2025-09-17T18:21:57+00:00\",\"dateModified\":\"2025-09-17T18:21:58+00:00\",\"breadcrumb\":{\"@id\":\"https:\/\/respiraparc.com\/ca\/avis-legal\/#breadcrumb\"},\"inLanguage\":\"ca\",\"potentialAction\":[{\"@type\":\"ReadAction\",\"target\":[\"https:\/\/respiraparc.com\/ca\/avis-legal\/\"]}]},{\"@type\":\"ImageObject\",\"inLanguage\":\"ca\",\"@id\":\"https:\/\/respiraparc.com\/ca\/avis-legal\/#primaryimage\",\"url\":\"https:\/\/www.inspiraenergia.com\/images\/image_of_credit-cards_accpeted.gif\",\"contentUrl\":\"https:\/\/www.inspiraenergia.com\/images\/image_of_credit-cards_accpeted.gif\"},{\"@type\":\"BreadcrumbList\",\"@id\":\"https:\/\/respiraparc.com\/ca\/avis-legal\/#breadcrumb\",\"itemListElement\":[{\"@type\":\"ListItem\",\"position\":1,\"name\":\"Home\",\"item\":\"https:\/\/respiraparc.com\/ca\/\"},{\"@type\":\"ListItem\",\"position\":2,\"name\":\"Av\u00eds legal\"}]},{\"@type\":\"WebSite\",\"@id\":\"https:\/\/respiraparc.com\/ca\/#website\",\"url\":\"https:\/\/respiraparc.com\/ca\/\",\"name\":\"RespiraParc\",\"description\":\"Energia neta per al teu vehicle\",\"publisher\":{\"@id\":\"https:\/\/respiraparc.com\/ca\/#organization\"},\"potentialAction\":[{\"@type\":\"SearchAction\",\"target\":{\"@type\":\"EntryPoint\",\"urlTemplate\":\"https:\/\/respiraparc.com\/ca\/?s={search_term_string}\"},\"query-input\":{\"@type\":\"PropertyValueSpecification\",\"valueRequired\":true,\"valueName\":\"search_term_string\"}}],\"inLanguage\":\"ca\"},{\"@type\":\"Organization\",\"@id\":\"https:\/\/respiraparc.com\/ca\/#organization\",\"name\":\"RespiraParc\",\"url\":\"https:\/\/respiraparc.com\/ca\/\",\"logo\":{\"@type\":\"ImageObject\",\"inLanguage\":\"ca\",\"@id\":\"https:\/\/respiraparc.com\/ca\/#\/schema\/logo\/image\/\",\"url\":\"https:\/\/respiraparc.com\/wp-content\/uploads\/2025\/12\/Respira-parc-logo.svg\",\"contentUrl\":\"https:\/\/respiraparc.com\/wp-content\/uploads\/2025\/12\/Respira-parc-logo.svg\",\"caption\":\"RespiraParc\"},\"image\":{\"@id\":\"https:\/\/respiraparc.com\/ca\/#\/schema\/logo\/image\/\"}}]}<\/script>\n<!-- \/ Yoast SEO plugin. -->","yoast_head_json":{"title":"Av\u00eds legal - RespiraParc","robots":{"index":"index","follow":"follow","max-snippet":"max-snippet:-1","max-image-preview":"max-image-preview:large","max-video-preview":"max-video-preview:-1"},"canonical":"https:\/\/respiraparc.com\/ca\/avis-legal\/","og_locale":"ca_ES","og_type":"article","og_title":"Av\u00eds legal - RespiraParc","og_description":"Dades identificatives INSPIRA ENERGIA, S.L. amb CIF B66960832 i domicili social C\/ Doctor Trueta, 183, 9-5 &#8211; 08005 Barcelona, en endavant INSPIRA ENERGIA. \u00c9s una companyia dedicada a la construcci\u00f3 i operaci\u00f3 de: plantes d\u2019electricitat lliures de CO2 i punts de rec\u00e0rrega de vehicles el\u00e8ctrics. Acceptaci\u00f3 de l&#8217;av\u00eds legal L\u2019acc\u00e9s en aquesta p\u00e0gina web o...","og_url":"https:\/\/respiraparc.com\/ca\/avis-legal\/","og_site_name":"RespiraParc","article_modified_time":"2025-09-17T18:21:58+00:00","og_image":[{"url":"https:\/\/www.inspiraenergia.com\/images\/image_of_credit-cards_accpeted.gif","type":"","width":"","height":""}],"twitter_card":"summary_large_image","twitter_misc":{"Temps estimat de lectura":"7 minuts"},"schema":{"@context":"https:\/\/schema.org","@graph":[{"@type":"WebPage","@id":"https:\/\/respiraparc.com\/ca\/avis-legal\/","url":"https:\/\/respiraparc.com\/ca\/avis-legal\/","name":"Av\u00eds legal - RespiraParc","isPartOf":{"@id":"https:\/\/respiraparc.com\/ca\/#website"},"primaryImageOfPage":{"@id":"https:\/\/respiraparc.com\/ca\/avis-legal\/#primaryimage"},"image":{"@id":"https:\/\/respiraparc.com\/ca\/avis-legal\/#primaryimage"},"thumbnailUrl":"https:\/\/www.inspiraenergia.com\/images\/image_of_credit-cards_accpeted.gif","datePublished":"2025-09-17T18:21:57+00:00","dateModified":"2025-09-17T18:21:58+00:00","breadcrumb":{"@id":"https:\/\/respiraparc.com\/ca\/avis-legal\/#breadcrumb"},"inLanguage":"ca","potentialAction":[{"@type":"ReadAction","target":["https:\/\/respiraparc.com\/ca\/avis-legal\/"]}]},{"@type":"ImageObject","inLanguage":"ca","@id":"https:\/\/respiraparc.com\/ca\/avis-legal\/#primaryimage","url":"https:\/\/www.inspiraenergia.com\/images\/image_of_credit-cards_accpeted.gif","contentUrl":"https:\/\/www.inspiraenergia.com\/images\/image_of_credit-cards_accpeted.gif"},{"@type":"BreadcrumbList","@id":"https:\/\/respiraparc.com\/ca\/avis-legal\/#breadcrumb","itemListElement":[{"@type":"ListItem","position":1,"name":"Home","item":"https:\/\/respiraparc.com\/ca\/"},{"@type":"ListItem","position":2,"name":"Av\u00eds legal"}]},{"@type":"WebSite","@id":"https:\/\/respiraparc.com\/ca\/#website","url":"https:\/\/respiraparc.com\/ca\/","name":"RespiraParc","description":"Energia neta per al teu vehicle","publisher":{"@id":"https:\/\/respiraparc.com\/ca\/#organization"},"potentialAction":[{"@type":"SearchAction","target":{"@type":"EntryPoint","urlTemplate":"https:\/\/respiraparc.com\/ca\/?s={search_term_string}"},"query-input":{"@type":"PropertyValueSpecification","valueRequired":true,"valueName":"search_term_string"}}],"inLanguage":"ca"},{"@type":"Organization","@id":"https:\/\/respiraparc.com\/ca\/#organization","name":"RespiraParc","url":"https:\/\/respiraparc.com\/ca\/","logo":{"@type":"ImageObject","inLanguage":"ca","@id":"https:\/\/respiraparc.com\/ca\/#\/schema\/logo\/image\/","url":"https:\/\/respiraparc.com\/wp-content\/uploads\/2025\/12\/Respira-parc-logo.svg","contentUrl":"https:\/\/respiraparc.com\/wp-content\/uploads\/2025\/12\/Respira-parc-logo.svg","caption":"RespiraParc"},"image":{"@id":"https:\/\/respiraparc.com\/ca\/#\/schema\/logo\/image\/"}}]}},"taxonomy_info":[],"featured_image_src_large":false,"author_info":{"display_name":"jordi","author_link":"https:\/\/respiraparc.com\/ca\/author\/jordi\/"},"comment_info":"","_links":{"self":[{"href":"https:\/\/respiraparc.com\/ca\/wp-json\/wp\/v2\/pages\/549","targetHints":{"allow":["GET"]}}],"collection":[{"href":"https:\/\/respiraparc.com\/ca\/wp-json\/wp\/v2\/pages"}],"about":[{"href":"https:\/\/respiraparc.com\/ca\/wp-json\/wp\/v2\/types\/page"}],"author":[{"embeddable":true,"href":"https:\/\/respiraparc.com\/ca\/wp-json\/wp\/v2\/users\/1"}],"replies":[{"embeddable":true,"href":"https:\/\/respiraparc.com\/ca\/wp-json\/wp\/v2\/comments?post=549"}],"version-history":[{"count":1,"href":"https:\/\/respiraparc.com\/ca\/wp-json\/wp\/v2\/pages\/549\/revisions"}],"predecessor-version":[{"id":550,"href":"https:\/\/respiraparc.com\/ca\/wp-json\/wp\/v2\/pages\/549\/revisions\/550"}],"wp:attachment":[{"href":"https:\/\/respiraparc.com\/ca\/wp-json\/wp\/v2\/media?parent=549"}],"curies":[{"name":"wp","href":"https:\/\/api.w.org\/{rel}","templated":true}]}}