{"id":551,"date":"2025-09-17T20:22:40","date_gmt":"2025-09-17T18:22:40","guid":{"rendered":"https:\/\/inspiraparc.com\/?page_id=551"},"modified":"2025-09-17T20:22:41","modified_gmt":"2025-09-17T18:22:41","slug":"us-de-cookies","status":"publish","type":"page","link":"https:\/\/respiraparc.com\/ca\/us-de-cookies\/","title":{"rendered":"\u00das de cookies"},"content":{"rendered":"<style>.kb-row-layout-id551_3413b4-08 > .kt-row-column-wrap{align-content:start;}:where(.kb-row-layout-id551_3413b4-08 > .kt-row-column-wrap) > .wp-block-kadence-column{justify-content:start;}.kb-row-layout-id551_3413b4-08 > .kt-row-column-wrap{column-gap:var(--global-kb-gap-md, 2rem);row-gap:var(--global-kb-gap-md, 2rem);padding-top:var(--global-kb-spacing-xl, 4rem);padding-bottom:var(--global-kb-spacing-xl, 4rem);grid-template-columns:minmax(0, 1fr);}.kb-row-layout-id551_3413b4-08 > .kt-row-layout-overlay{opacity:0.30;}@media all and (max-width: 1024px){.kb-row-layout-id551_3413b4-08 > .kt-row-column-wrap{grid-template-columns:minmax(0, 1fr);}}@media all and (max-width: 767px){.kb-row-layout-id551_3413b4-08 > .kt-row-column-wrap{grid-template-columns:minmax(0, 1fr);}}<\/style><div class=\"kb-row-layout-wrap kb-row-layout-id551_3413b4-08 alignnone wp-block-kadence-rowlayout\"><div class=\"kt-row-column-wrap kt-has-1-columns kt-row-layout-equal kt-tab-layout-inherit kt-mobile-layout-row kt-row-valign-top\">\n<style>.kadence-column551_93fc99-3f > .kt-inside-inner-col,.kadence-column551_93fc99-3f > .kt-inside-inner-col:before{border-top-left-radius:0px;border-top-right-radius:0px;border-bottom-right-radius:0px;border-bottom-left-radius:0px;}.kadence-column551_93fc99-3f > .kt-inside-inner-col{column-gap:var(--global-kb-gap-sm, 1rem);}.kadence-column551_93fc99-3f > .kt-inside-inner-col{flex-direction:column;}.kadence-column551_93fc99-3f > .kt-inside-inner-col > .aligncenter{width:100%;}.kadence-column551_93fc99-3f > .kt-inside-inner-col:before{opacity:0.3;}.kadence-column551_93fc99-3f{position:relative;}@media all and (max-width: 1024px){.kadence-column551_93fc99-3f > .kt-inside-inner-col{flex-direction:column;justify-content:center;}}@media all and (max-width: 767px){.kadence-column551_93fc99-3f > .kt-inside-inner-col{flex-direction:column;justify-content:center;}}<\/style>\n<div class=\"wp-block-kadence-column kadence-column551_93fc99-3f\"><div class=\"kt-inside-inner-col\">\n<h2 class=\"wp-block-heading\"><strong>Qu\u00e8 s\u00f3n les cookies?<\/strong><\/h2>\n\n\n\n<p>Una cookie \u00e9s un fitxer o dispositiu que es descarrega en l\u2019equip terminal d\u2019un usuari amb la finalitat d\u2019emmagatzemar dades que podran ser actualitzats i recuperats per l\u2019entitat responsable de la seva instal\u00b7laci\u00f3. \u00c9s a dir, \u00e9s un fitxer que es descarrega al seu ordinador en accedir a determinades p\u00e0gines web. Les cookies permeten a una p\u00e0gina web, entre altres coses, emmagatzemar i recuperar informaci\u00f3 sobre els h\u00e0bits de navegaci\u00f3 d\u2019un usuari o del seu equip i, depenent de la informaci\u00f3 que continguin i de la forma en qu\u00e8 utilitzi el seu equip, es poden utilitzar per recon\u00e8ixer a l\u2019usuari.<\/p>\n\n\n\n<p>Les seves principals funcions s\u00f3n:<\/p>\n\n\n\n<ul class=\"wp-block-list\">\n<li>Portar el control d\u2019usuaris: quan un usuari introdueix el seu nom d\u2019usuari i contrasenya, s\u2019emmagatzema una cookie perqu\u00e8 no hagi d\u2019estar introduint-les per a cada p\u00e0gina del servidor. No obstant aix\u00f2, una galeta no identifica nom\u00e9s a una persona, sin\u00f3 a una combinaci\u00f3 de computador-navegador-usuari.<\/li>\n\n\n\n<li>Aconseguir informaci\u00f3 sobre els h\u00e0bits de navegaci\u00f3 de l\u2019usuari, i intents de spyware (programes espia), per part d\u2019ag\u00e8ncies de publicitat i altres. Aix\u00f2 pot causar problemes de privacitat i \u00e9s una de les raons per la qual les cookies tenen els seus detractors.<\/li>\n<\/ul>\n\n\n\n<p>Existeixen diferents tipus de cookies en funci\u00f3, sobretot, de la finalitat per a la qual s\u00f3n utilitzades, aix\u00ed es distingeixen, entre altres les seg\u00fcents:<\/p>\n\n\n\n<p>Cookies d\u2019an\u00e0lisi: aquestes cookies s\u2019utilitzen per dur a terme una an\u00e0lisi dels comportaments i accions dels usuaris de la p\u00e0gina web aix\u00ed com per a l\u2019elaboraci\u00f3 de perfils de navegaci\u00f3 amb la finalitat de realitzar millores t\u00e8cniques de funcionament i de servei.<\/p>\n\n\n\n<p>Cookies publicit\u00e0ries: permeten una gesti\u00f3 eficient d\u2019espais publicitaris en base a una s\u00e8rie de criteris, per exemple, verificar si l\u2019usuari ha tingut ja acc\u00e9s o no a una not\u00edcia per a procedir a actualitzar-amb una altra de nova.<\/p>\n\n\n\n<p>Cookies de publicitat comportamental: aquestes cookies s\u2019encarreguen d\u2019emmagatzemar informaci\u00f3 del propi comportament dels usuaris centrant-se en els seus h\u00e0bits de navegaci\u00f3. Aix\u00f2 permet establir perfils d\u2019usuari en funci\u00f3 del seu comportament i utilitzar-los per personalitzar la publicitat presentada.<\/p>\n\n\n\n<p>Si l\u2019usuari desitja obtenir m\u00e9s informaci\u00f3 sobre les cookies pot consultar el seg\u00fcent lloc web&nbsp;<a href=\"http:\/\/www.aboutcookies.org\/\">http:\/\/www.aboutcookies.org\/<\/a>.<\/p>\n\n\n\n<h2 class=\"wp-block-heading\"><strong>Quin tipus de cookies utilitza aquesta p\u00e0gina web?<\/strong><\/h2>\n\n\n\n<p>La present p\u00e0gina web est\u00e0 utilitzant cookies que permeten facilitar a l\u2019usuari l\u2019\u00fas i la navegaci\u00f3 a trav\u00e9s de la mateixa, garantir l\u2019acc\u00e9s a determinats serveis, aix\u00ed com millorar la configuraci\u00f3 funcional de la web.<\/p>\n\n\n\n<p>Concretament, aquesta p\u00e0gina web utilitza les cookies seg\u00fcents:<\/p>\n\n\n\n<figure class=\"wp-block-table\"><table class=\"has-fixed-layout\"><tbody><tr><td>JCS_INENREF<\/td><td>Utilitzat per a funcions antispam<\/td><td>Despr\u00e9s d\u2019un curt temps o al tancar el navegador.<\/td><\/tr><tr><td>JCS_INENTIM<\/td><td>Utilitzat per a funcions antispam<\/td><td>Despr\u00e9s d\u2019un curt temps o al tancar el navegador.<\/td><\/tr><tr><td>PHPSESSID<\/td><td>Aquesta galeta s\u2019utilitza per establir una sessi\u00f3 d\u2019usuari i \u00e9s una refer\u00e8ncia a un ID de sessi\u00f3 \u00fanic establert pel nostre codi de lloc web (PHP). Desapareix quan finalitza la sessi\u00f3 (quan tanca el navegador)<\/td><td>Despr\u00e9s d\u2019un curt temps o al tancar el navegador.<\/td><\/tr><tr><td>wp-settings-7<\/td><td>Configuraci\u00f3 de WordPress<\/td><td>&nbsp;1 dia<\/td><\/tr><tr><td>wp-settings-7-time<\/td><td>Configuraci\u00f3 de WordPress<\/td><td>&nbsp;1 dia<\/td><\/tr><tr><td>wordpress_test_cookie<\/td><td>WordPress estableix aquesta galeta quan navega a la p\u00e0gina d\u2019inici de sessi\u00f3. La galeta s\u2019utilitza per verificar si el seu navegador web est\u00e0 configurat per permetre o rebutjar les galetes.<\/td><td>Despr\u00e9s d\u2019un curt temps o al tancar el navegador.<\/td><\/tr><tr><td>_icl_current_language<\/td><td>Control de l\u2019idioma seleccionat per a futures sessions<\/td><td>1 dia<\/td><\/tr><tr><td>_ga<\/td><td>Es fa servir per distingir els usuaris.<\/td><td>2 anys<\/td><\/tr><tr><td>_gid<\/td><td>Es fa servir per distingir els usuaris.<\/td><td>24&nbsp;hores<\/td><\/tr><tr><td>_gat o _dc_gtm<\/td><td>S\u2019utilitza per limitar el percentatge de sol\u00b7licituds.<\/td><td>1&nbsp;minut<\/td><\/tr><tr><td>moove_gdpr_popup<\/td><td>S\u2019utilitza guardar les teves prefer\u00e8ncies de cookies.<\/td><td>1&nbsp;any<\/td><\/tr><\/tbody><\/table><\/figure>\n\n\n\n<h2 class=\"wp-block-heading\"><strong>Com gestionar la configuraci\u00f3 de les cookies?<\/strong><\/h2>\n\n\n\n<p>En el present apartat es du a terme una breu exposici\u00f3 de com consultar i dur a terme la configuraci\u00f3 del sistema de cookies en relaci\u00f3 als navegadors m\u00e9s comuns o m\u00e9s utilitzats pels usuaris<\/p>\n\n\n\n<p>En aquest sentit, pr\u00e0cticament tots els navegadors permeten a l\u2019usuari obtenir informaci\u00f3 general sobre les cookies instal\u00b7lades en una p\u00e0gina web, concretament verificar l\u2019exist\u00e8ncia de les mateixes, la seva durada o el sistema d\u2019eliminaci\u00f3. En aquest sentit, a t\u00edtol informatiu, es faciliten una s\u00e8rie d\u2019enlla\u00e7os relacionats:<\/p>\n\n\n\n<ul class=\"wp-block-list\">\n<li><a href=\"https:\/\/support.google.com\/chrome\/answer\/95647?hl=es\">Google Chrome<\/a><\/li>\n\n\n\n<li><a href=\"https:\/\/support.mozilla.org\/es\/kb\/cookies-informacion-que-los-sitios-web-guardan-en-\">Mozilla Firefox<\/a><\/li>\n\n\n\n<li><a href=\"http:\/\/windows.microsoft.com\/es-es\/windows7\/how-to-manage-cookies-in-internet-explorer-9\">Internet Explorer<\/a><\/li>\n<\/ul>\n\n\n\n<p>D\u2019altra banda, l\u2019usuari podr\u00e0 permetre, bloquejar o eliminar les cookies instal\u00b7lades en el seu equip modificant la configuraci\u00f3 del seu navegador d\u2019acord amb les instruccions indicades en el mateix. A t\u00edtol informatiu s\u2019indica que habitualment la configuraci\u00f3 de les cookies se sol dur a terme en el men\u00fa \u201cPrefer\u00e8ncies\u201d o \u201cEines\u201d de cada navegador, en qualsevol cas, sempre podr\u00e0 acudir a l\u2019ajuda del seu navegador per solucionar o resoldre els dubtes que se li generin al respecte.<\/p>\n\n\n\n<p>Conv\u00e9 tenir en compte que, si s\u2019impedeix la instal\u00b7laci\u00f3 de totes les cookies, el contingut de la web aix\u00ed com determinades funcionalitats i serveis facilitats per la mateixa es poden veure afectats.<\/p>\n<\/div><\/div>\n\n<\/div><\/div>","protected":false},"excerpt":{"rendered":"<p>Qu\u00e8 s\u00f3n les cookies? Una cookie \u00e9s un fitxer o dispositiu que es descarrega en l\u2019equip terminal d\u2019un usuari amb la finalitat d\u2019emmagatzemar dades que podran ser actualitzats i recuperats per l\u2019entitat responsable de la seva instal\u00b7laci\u00f3. \u00c9s a dir, \u00e9s un fitxer que es descarrega al seu ordinador en accedir a determinades p\u00e0gines web&#8230;.<\/p>\n","protected":false},"author":1,"featured_media":0,"parent":0,"menu_order":0,"comment_status":"closed","ping_status":"closed","template":"","meta":{"inline_featured_image":false,"_kad_blocks_custom_css":"","_kad_blocks_head_custom_js":"","_kad_blocks_body_custom_js":"","_kad_blocks_footer_custom_js":"","_kad_post_transparent":"","_kad_post_title":"show","_kad_post_layout":"","_kad_post_sidebar_id":"","_kad_post_content_style":"","_kad_post_vertical_padding":"","_kad_post_feature":"","_kad_post_feature_position":"","_kad_post_header":false,"_kad_post_footer":false,"_kad_post_classname":"","footnotes":""},"class_list":["post-551","page","type-page","status-publish","hentry"],"yoast_head":"<!-- This site is optimized with the Yoast SEO plugin v26.5 - https:\/\/yoast.com\/wordpress\/plugins\/seo\/ -->\n<title>\u00das de cookies - RespiraParc<\/title>\n<meta name=\"robots\" content=\"index, follow, max-snippet:-1, max-image-preview:large, max-video-preview:-1\" \/>\n<link rel=\"canonical\" href=\"https:\/\/respiraparc.com\/ca\/us-de-cookies\/\" \/>\n<meta property=\"og:locale\" content=\"ca_ES\" \/>\n<meta property=\"og:type\" content=\"article\" \/>\n<meta property=\"og:title\" content=\"\u00das de cookies - RespiraParc\" \/>\n<meta property=\"og:description\" content=\"Qu\u00e8 s\u00f3n les cookies? Una cookie \u00e9s un fitxer o dispositiu que es descarrega en l\u2019equip terminal d\u2019un usuari amb la finalitat d\u2019emmagatzemar dades que podran ser actualitzats i recuperats per l\u2019entitat responsable de la seva instal\u00b7laci\u00f3. \u00c9s a dir, \u00e9s un fitxer que es descarrega al seu ordinador en accedir a determinades p\u00e0gines web....\" \/>\n<meta property=\"og:url\" content=\"https:\/\/respiraparc.com\/ca\/us-de-cookies\/\" \/>\n<meta property=\"og:site_name\" content=\"RespiraParc\" \/>\n<meta property=\"article:modified_time\" content=\"2025-09-17T18:22:41+00:00\" \/>\n<meta name=\"twitter:card\" content=\"summary_large_image\" \/>\n<meta name=\"twitter:label1\" content=\"Temps estimat de lectura\" \/>\n\t<meta name=\"twitter:data1\" content=\"5 minuts\" \/>\n<script type=\"application\/ld+json\" class=\"yoast-schema-graph\">{\"@context\":\"https:\/\/schema.org\",\"@graph\":[{\"@type\":\"WebPage\",\"@id\":\"https:\/\/respiraparc.com\/ca\/us-de-cookies\/\",\"url\":\"https:\/\/respiraparc.com\/ca\/us-de-cookies\/\",\"name\":\"\u00das de cookies - RespiraParc\",\"isPartOf\":{\"@id\":\"https:\/\/respiraparc.com\/ca\/#website\"},\"datePublished\":\"2025-09-17T18:22:40+00:00\",\"dateModified\":\"2025-09-17T18:22:41+00:00\",\"breadcrumb\":{\"@id\":\"https:\/\/respiraparc.com\/ca\/us-de-cookies\/#breadcrumb\"},\"inLanguage\":\"ca\",\"potentialAction\":[{\"@type\":\"ReadAction\",\"target\":[\"https:\/\/respiraparc.com\/ca\/us-de-cookies\/\"]}]},{\"@type\":\"BreadcrumbList\",\"@id\":\"https:\/\/respiraparc.com\/ca\/us-de-cookies\/#breadcrumb\",\"itemListElement\":[{\"@type\":\"ListItem\",\"position\":1,\"name\":\"Home\",\"item\":\"https:\/\/respiraparc.com\/ca\/\"},{\"@type\":\"ListItem\",\"position\":2,\"name\":\"\u00das de cookies\"}]},{\"@type\":\"WebSite\",\"@id\":\"https:\/\/respiraparc.com\/ca\/#website\",\"url\":\"https:\/\/respiraparc.com\/ca\/\",\"name\":\"RespiraParc\",\"description\":\"Energia neta per al teu vehicle\",\"publisher\":{\"@id\":\"https:\/\/respiraparc.com\/ca\/#organization\"},\"potentialAction\":[{\"@type\":\"SearchAction\",\"target\":{\"@type\":\"EntryPoint\",\"urlTemplate\":\"https:\/\/respiraparc.com\/ca\/?s={search_term_string}\"},\"query-input\":{\"@type\":\"PropertyValueSpecification\",\"valueRequired\":true,\"valueName\":\"search_term_string\"}}],\"inLanguage\":\"ca\"},{\"@type\":\"Organization\",\"@id\":\"https:\/\/respiraparc.com\/ca\/#organization\",\"name\":\"RespiraParc\",\"url\":\"https:\/\/respiraparc.com\/ca\/\",\"logo\":{\"@type\":\"ImageObject\",\"inLanguage\":\"ca\",\"@id\":\"https:\/\/respiraparc.com\/ca\/#\/schema\/logo\/image\/\",\"url\":\"https:\/\/respiraparc.com\/wp-content\/uploads\/2025\/12\/Respira-parc-logo.svg\",\"contentUrl\":\"https:\/\/respiraparc.com\/wp-content\/uploads\/2025\/12\/Respira-parc-logo.svg\",\"caption\":\"RespiraParc\"},\"image\":{\"@id\":\"https:\/\/respiraparc.com\/ca\/#\/schema\/logo\/image\/\"}}]}<\/script>\n<!-- \/ Yoast SEO plugin. -->","yoast_head_json":{"title":"\u00das de cookies - RespiraParc","robots":{"index":"index","follow":"follow","max-snippet":"max-snippet:-1","max-image-preview":"max-image-preview:large","max-video-preview":"max-video-preview:-1"},"canonical":"https:\/\/respiraparc.com\/ca\/us-de-cookies\/","og_locale":"ca_ES","og_type":"article","og_title":"\u00das de cookies - RespiraParc","og_description":"Qu\u00e8 s\u00f3n les cookies? Una cookie \u00e9s un fitxer o dispositiu que es descarrega en l\u2019equip terminal d\u2019un usuari amb la finalitat d\u2019emmagatzemar dades que podran ser actualitzats i recuperats per l\u2019entitat responsable de la seva instal\u00b7laci\u00f3. \u00c9s a dir, \u00e9s un fitxer que es descarrega al seu ordinador en accedir a determinades p\u00e0gines web....","og_url":"https:\/\/respiraparc.com\/ca\/us-de-cookies\/","og_site_name":"RespiraParc","article_modified_time":"2025-09-17T18:22:41+00:00","twitter_card":"summary_large_image","twitter_misc":{"Temps estimat de lectura":"5 minuts"},"schema":{"@context":"https:\/\/schema.org","@graph":[{"@type":"WebPage","@id":"https:\/\/respiraparc.com\/ca\/us-de-cookies\/","url":"https:\/\/respiraparc.com\/ca\/us-de-cookies\/","name":"\u00das de cookies - RespiraParc","isPartOf":{"@id":"https:\/\/respiraparc.com\/ca\/#website"},"datePublished":"2025-09-17T18:22:40+00:00","dateModified":"2025-09-17T18:22:41+00:00","breadcrumb":{"@id":"https:\/\/respiraparc.com\/ca\/us-de-cookies\/#breadcrumb"},"inLanguage":"ca","potentialAction":[{"@type":"ReadAction","target":["https:\/\/respiraparc.com\/ca\/us-de-cookies\/"]}]},{"@type":"BreadcrumbList","@id":"https:\/\/respiraparc.com\/ca\/us-de-cookies\/#breadcrumb","itemListElement":[{"@type":"ListItem","position":1,"name":"Home","item":"https:\/\/respiraparc.com\/ca\/"},{"@type":"ListItem","position":2,"name":"\u00das de cookies"}]},{"@type":"WebSite","@id":"https:\/\/respiraparc.com\/ca\/#website","url":"https:\/\/respiraparc.com\/ca\/","name":"RespiraParc","description":"Energia neta per al teu vehicle","publisher":{"@id":"https:\/\/respiraparc.com\/ca\/#organization"},"potentialAction":[{"@type":"SearchAction","target":{"@type":"EntryPoint","urlTemplate":"https:\/\/respiraparc.com\/ca\/?s={search_term_string}"},"query-input":{"@type":"PropertyValueSpecification","valueRequired":true,"valueName":"search_term_string"}}],"inLanguage":"ca"},{"@type":"Organization","@id":"https:\/\/respiraparc.com\/ca\/#organization","name":"RespiraParc","url":"https:\/\/respiraparc.com\/ca\/","logo":{"@type":"ImageObject","inLanguage":"ca","@id":"https:\/\/respiraparc.com\/ca\/#\/schema\/logo\/image\/","url":"https:\/\/respiraparc.com\/wp-content\/uploads\/2025\/12\/Respira-parc-logo.svg","contentUrl":"https:\/\/respiraparc.com\/wp-content\/uploads\/2025\/12\/Respira-parc-logo.svg","caption":"RespiraParc"},"image":{"@id":"https:\/\/respiraparc.com\/ca\/#\/schema\/logo\/image\/"}}]}},"taxonomy_info":[],"featured_image_src_large":false,"author_info":{"display_name":"jordi","author_link":"https:\/\/respiraparc.com\/ca\/author\/jordi\/"},"comment_info":"","_links":{"self":[{"href":"https:\/\/respiraparc.com\/ca\/wp-json\/wp\/v2\/pages\/551","targetHints":{"allow":["GET"]}}],"collection":[{"href":"https:\/\/respiraparc.com\/ca\/wp-json\/wp\/v2\/pages"}],"about":[{"href":"https:\/\/respiraparc.com\/ca\/wp-json\/wp\/v2\/types\/page"}],"author":[{"embeddable":true,"href":"https:\/\/respiraparc.com\/ca\/wp-json\/wp\/v2\/users\/1"}],"replies":[{"embeddable":true,"href":"https:\/\/respiraparc.com\/ca\/wp-json\/wp\/v2\/comments?post=551"}],"version-history":[{"count":1,"href":"https:\/\/respiraparc.com\/ca\/wp-json\/wp\/v2\/pages\/551\/revisions"}],"predecessor-version":[{"id":552,"href":"https:\/\/respiraparc.com\/ca\/wp-json\/wp\/v2\/pages\/551\/revisions\/552"}],"wp:attachment":[{"href":"https:\/\/respiraparc.com\/ca\/wp-json\/wp\/v2\/media?parent=551"}],"curies":[{"name":"wp","href":"https:\/\/api.w.org\/{rel}","templated":true}]}}