{"id":555,"date":"2025-09-17T20:21:57","date_gmt":"2025-09-17T18:21:57","guid":{"rendered":"https:\/\/inspiraparc.com\/aviso-legal\/"},"modified":"2025-09-17T20:34:01","modified_gmt":"2025-09-17T18:34:01","slug":"aviso-legal","status":"publish","type":"page","link":"https:\/\/respiraparc.com\/es\/aviso-legal\/","title":{"rendered":"Aviso legal"},"content":{"rendered":"<style>.kb-row-layout-id549_906217-9b > .kt-row-column-wrap{align-content:start;}:where(.kb-row-layout-id549_906217-9b > .kt-row-column-wrap) > .wp-block-kadence-column{justify-content:start;}.kb-row-layout-id549_906217-9b > .kt-row-column-wrap{column-gap:var(--global-kb-gap-md, 2rem);row-gap:var(--global-kb-gap-md, 2rem);padding-top:var(--global-kb-spacing-xl, 4rem);padding-bottom:var(--global-kb-spacing-xl, 4rem);grid-template-columns:minmax(0, 1fr);}.kb-row-layout-id549_906217-9b > .kt-row-layout-overlay{opacity:0.30;}@media all and (max-width: 1024px){.kb-row-layout-id549_906217-9b > .kt-row-column-wrap{grid-template-columns:minmax(0, 1fr);}}@media all and (max-width: 767px){.kb-row-layout-id549_906217-9b > .kt-row-column-wrap{grid-template-columns:minmax(0, 1fr);}}<\/style><div class=\"kb-row-layout-wrap kb-row-layout-id549_906217-9b alignnone wp-block-kadence-rowlayout\"><div class=\"kt-row-column-wrap kt-has-1-columns kt-row-layout-equal kt-tab-layout-inherit kt-mobile-layout-row kt-row-valign-top\">\n<style>.kadence-column549_582f9b-9d > .kt-inside-inner-col,.kadence-column549_582f9b-9d > .kt-inside-inner-col:before{border-top-left-radius:0px;border-top-right-radius:0px;border-bottom-right-radius:0px;border-bottom-left-radius:0px;}.kadence-column549_582f9b-9d > .kt-inside-inner-col{column-gap:var(--global-kb-gap-sm, 1rem);}.kadence-column549_582f9b-9d > .kt-inside-inner-col{flex-direction:column;}.kadence-column549_582f9b-9d > .kt-inside-inner-col > .aligncenter{width:100%;}.kadence-column549_582f9b-9d > .kt-inside-inner-col:before{opacity:0.3;}.kadence-column549_582f9b-9d{position:relative;}@media all and (max-width: 1024px){.kadence-column549_582f9b-9d > .kt-inside-inner-col{flex-direction:column;justify-content:center;}}@media all and (max-width: 767px){.kadence-column549_582f9b-9d > .kt-inside-inner-col{flex-direction:column;justify-content:center;}}<\/style>\n<div class=\"wp-block-kadence-column kadence-column549_582f9b-9d\"><div class=\"kt-inside-inner-col\">\n<h4 class=\"wp-block-heading\">Datos identificativos<\/h4>\n\n\n\n<p>INSPIRA ENERGIA, S.L. con CIF B66960832 y domicilio social C\/ Doctor Trueta, 183, 9-5 &#8211; 08005 Barcelona, en adelante INSPIRA ENERGIA. Es una compa\u00f1\u00eda dedicada a la construcci\u00f3n y operaci\u00f3n de: plantas de electricidad libres de CO2 y puntos de recarga de veh\u00edculos el\u00e9ctricos. <\/p>\n\n\n\n<h4 class=\"wp-block-heading\">Aceptaci\u00f3n del aviso legal<\/h4>\n\n\n\n<p>El acceso a esta p\u00e1gina web o su utilizaci\u00f3n en cualquier forma implica la aceptaci\u00f3n de la totalidad del redactado del presente Aviso Legal. INSPIRA ENERG\u00cdA, se reserva el derecho a modificar en cualquier momento el presente Aviso. En consecuencia, ser\u00e1 responsabilidad de todo Usuario, la lectura del Aviso Legal vigente en cada una de las ocasiones que acceda a la p\u00e1gina de INSPIRA, de forma que en caso de no estar conforme con cualquiera de las condiciones redactadas, deber\u00e1 ser abstenidas respecto al uso de la presente p\u00e1gina web.  <\/p>\n\n\n\n<h4 class=\"wp-block-heading\">Condiciones de uso de la web<\/h4>\n\n\n\n<p>El usuario se compromete a hacer un uso adecuado y l\u00edcito de la p\u00e1gina web de conformidad con lo que la ley y el presente Aviso Legal. El Usuario deber\u00e1 abstenerse de: <\/p>\n\n\n\n<ol class=\"wp-block-list\">\n<li>Dar un uso no autorizado o fraudulento de la pagina web y\/o su contenido con fines o efectos il\u00edcitos, prohibidos en el presente aviso legal, lesivos a los derechos o intereses de terceros, que de cualquier forma pueda da\u00f1ar, inutilizar, sobrecargar, deteriorar o impedir la utilizaci\u00f3n normal de los servicios o documentos, archivos y toda clase de contenido almacenado en cualquier equipo inform\u00e1tico.<\/li>\n\n\n\n<li>Acceder o intentar acceder a recursos o \u00e1reas restringidas de esta p\u00e1gina web y de la p\u00e1gina web de https:\/\/www.inspiraenergia.com\/vo\/ , sin cumplir las condiciones exigidas por el acceso a la misma.<\/li>\n\n\n\n<li>Provocar da\u00f1os a los sistemas f\u00edsicos o l\u00f3gicos de la p\u00e1gina web , a sus proveedores o a terceros.<\/li>\n\n\n\n<li>Introducir o difundir en la red virus inform\u00e1ticos o cualquier otro sistema f\u00edsico o l\u00f3gico que sea susceptible de provocar da\u00f1os a los sistemas f\u00edsicos o l\u00f3gicos de INSPIRA ENERG\u00cdA, o de sus proveedores o de terceros.<\/li>\n\n\n\n<li>Intentar acceder, utilizar y\/o manipular los datos de INSPIRA ENERG\u00cdA, o de terceros proveedores u otros usuarios.<\/li>\n\n\n\n<li>Reproducir o copiar, distribuir, permitir el acceso del p\u00fablico a trav\u00e9s de cualquier modalidad de comunicaci\u00f3n p\u00fablica, transformar o modificar los contenidos, a menos que se disponga de la autorizaci\u00f3n de INSPIRA ENERG\u00cdA para realizarlo.<\/li>\n\n\n\n<li>Suprimir, ocultar o manipular las notas sobre los derechos de propiedad intelectual o industrial y los dem\u00e1s datos identificativos de los derechos de INSPIRA ENERG\u00cdA o de terceros incorporados a los contenidos, as\u00ed como los dispositivos t\u00e9cnicos de protecci\u00f3n o cualquier mecanismo de informaci\u00f3n que pueda introducirse en los contenidos.<\/li>\n\n\n\n<li>Obtener o intentar obtener los contenidos utilizando medios o medios diferentes del que, seg\u00fan los casos, se haya puesto a disposici\u00f3n al efecto o se haya indicado expresamente en las p\u00e1ginas web donde se encuentran los contenidos o, en general, de los que se utilizan habitualmente en Internet para no generar un riesgo de da\u00f1o o inutilizaci\u00f3n de la p\u00e1gina web y\/o de sus contenidos.<\/li>\n\n\n\n<li>En particular, y a t\u00edtulo meramente indicativo y no exhaustivo, el Usuario se compromete a no transmitir, difundir o poner a disposici\u00f3n de terceros informaci\u00f3n, datos, contenidos, mensajes, gr\u00e1ficos, dibujos, archivos de sonido y\/o imagen, fotograf\u00edas, grabaciones, software y, en general, cualquier clase de material que sea contrario a la legislaci\u00f3n actual, a la moral, al orden p\u00fablico y,  en general, a hacer un uso conforme a las presentes condiciones legales.<\/li>\n<\/ol>\n\n\n\n<h4 class=\"wp-block-heading\">Exclusiones de responsabilidad<\/h4>\n\n\n\n<p>INSPIRA ENERG\u00cdA, no se hace responsable por da\u00f1os, perjuicios, p\u00e9rdidas, reclamaciones o gastos producidos por:<\/p>\n\n\n\n<ol class=\"wp-block-list\">\n<li>Intromisi\u00f3n ileg\u00edtima mediante el uso de programas malignos de cualquier tipo y a trav\u00e9s de cualquier medio de comunicaci\u00f3n, tales como virus inform\u00e1tico o cualquier otro:<\/li>\n\n\n\n<li>Abuso indebido o inadecuado de las p\u00e1ginas web de INSPIRA ENERG\u00cdA.<\/li>\n\n\n\n<li>Errores de seguridad o de navegaci\u00f3n producidos por un mal funcionamiento del navegador o por el uso de versiones no actualizadas del mismo. Los administradores de INSPIRA ENERG\u00cdA se reservan el derecho a retirar, total o parcialmente, cualquier contenido o informaci\u00f3n presente en la web. <\/li>\n<\/ol>\n\n\n\n<h4 class=\"wp-block-heading\">industrialProperty<\/h4>\n\n\n\n<p>Todos los contenidos de la presente p\u00e1gina web son titularidad de INSPIRA ENERGIA, S.L. y est\u00e1n protegidos por la legislaci\u00f3n de propiedad intelectual, sin que puedan entenderse cedidos al usuario ninguno de los derechos de explotaci\u00f3n sobre los mismos m\u00e1s all\u00e1 de lo estrictamente necesario para el correcto funcionamiento de la p\u00e1gina web.<\/p>\n\n\n\n<h4 class=\"wp-block-heading\">Navegaci\u00f3n con cookies<\/h4>\n\n\n\n<p>Se comunica a los usuarios que se utilizan cookies (propias y de terceros) cuando el usuario navega por los diferentes contenidos que conforman la presente web. Las cookies utilizadas son guardadas en el disco duro del usuario pero este no leen ning\u00fan otro contenido del disco duro del usuario. No obstante, si el usuario quiere impedir la utilizaci\u00f3n de cookies puede hacerlo a trav\u00e9s de las opciones que facilitan los navegadores web. En cualquier caso nunca se recoger\u00e1 datos de car\u00e1cter personal en las cookies.   <\/p>\n\n\n\n<h4 class=\"wp-block-heading\">Competencia judicial<\/h4>\n\n\n\n<p>Las partes se someten, a elecci\u00f3n, para la resoluci\u00f3n de los conflictos y con renuncia a cualquier otro feudo en los juzgados y tribunales del domicilio del usuario.<\/p>\n\n\n\n<h4 class=\"wp-block-heading\">Protecci\u00f3n de datos personales<\/h4>\n\n\n\n<p>Le informamos que si nos facilita su CV a trav\u00e9s del formulario, sus datos de car\u00e1cter personal ser\u00e1n incluidos y tratados en el fichero de Ofertas Comerciales y CV&#8217;s de titularidad de INSPIRA ENERG\u00cdA con c\u00f3digo de inscripci\u00f3n 2102101370 en la Agencia Espa\u00f1ola de Protecci\u00f3n de Datos. La finalidad de los datos es exclusivamente para valorar su CV o bien para entregarle ofertas comerciales de los servicios de INSPIRA. <\/p>\n\n\n\n<p>Sus datos s\u00f3lo estar\u00e1n a disposici\u00f3n de INSPIRA ENERGIA pudiendo ejercer los derechos de acceso, rectificaci\u00f3n, cancelaci\u00f3n y oposici\u00f3n por escrito remitido a app@inspiraenergia.com o a la direcci\u00f3n C\/Doctor Trueta, 183, 9-5 &#8211; 08005 Barcelona.<\/p>\n\n\n\n<h4 class=\"wp-block-heading\">M\u00e9todos de pago<\/h4>\n\n\n\n<p>Los m\u00e9todos de pago aceptados en INSPIRA son:<\/p>\n\n\n\n<ol class=\"wp-block-list\">\n<li>Domiciliaci\u00f3n bancaria<\/li>\n\n\n\n<li>Transferencia<\/li>\n\n\n\n<li>Pagos con tarjeta: Visa, Visa Electron 4B, Euro6000, MasterCard, American Express y Maestro Internacional<\/li>\n<\/ol>\n\n\n\n<figure class=\"wp-block-image\"><img decoding=\"async\" src=\"https:\/\/www.inspiraenergia.com\/images\/image_of_credit-cards_accpeted.gif\" alt=\"\"\/><\/figure>\n\n\n\n<h4 class=\"wp-block-heading\">Pol\u00edtica de devoluci\u00f3n y Derecho de Desestimiento<\/h4>\n\n\n\n<p>Los productos que se hayan adquirido a trav\u00e9s de INSPIRA podr\u00e1n ser devueltos durante los posteriores 30 d\u00edas desde su entrega. La solicitud de devoluci\u00f3n deber\u00e1 cursarse telef\u00f3nicamente o bien por e-mail app@inspiraenergia.com. En el caso de contratos el titular del contrato tendr\u00e1 derecho a desistir del mismo durante los pr\u00f3ximos 15 d\u00edas desde la firma del mismo.  <\/p>\n\n\n\n<h4 class=\"wp-block-heading\">Pol\u00edtica de env\u00edos<\/h4>\n\n\n\n<p>Los env\u00edos ser\u00e1n realizados a trav\u00e9s de empresas profesionales y el plazo de entrega habitual para el env\u00edo ser\u00e1 de 24h a 48h. La entrega ser\u00e1 personalizada entre las 9AM y 19PM. <\/p>\n\n\n\n<h4 class=\"wp-block-heading\">Pol\u00edtica de venta<\/h4>\n\n\n\n<p>A trav\u00e9s de la presente web puede contratar servicios de INSPIRA para diferentes fines: obtenci\u00f3n de cr\u00e9dito por utilizaci\u00f3n de la red de puntos de recarga de veh\u00edculos el\u00e9ctricos, o bien por la construcci\u00f3n de instalaciones de producci\u00f3n de energ\u00eda 100% libre de CO2. Para cada finalidad se le presentar\u00e1 un contrato en PDF donde se detallar\u00e1n las condiciones generales y particulares del servicio. Es necesario que revise el contrato en PDF debido a que queda sujeto a las condiciones que se detallan. En todos los contratos existe la posibilidad de desistimiento de 15 d\u00edas posteriores a la firma. As\u00ed como en los contratos en los que se entrega producto f\u00edsico el derecho de devoluci\u00f3n en los posteriores 30 d\u00edas de recibir el producto.    <\/p>\n<\/div><\/div>\n\n<\/div><\/div>","protected":false},"excerpt":{"rendered":"<p>Datos identificativos INSPIRA ENERGIA, S.L. con CIF B66960832 y domicilio social C\/ Doctor Trueta, 183, 9-5 &#8211; 08005 Barcelona, en adelante INSPIRA ENERGIA. Es una compa\u00f1\u00eda dedicada a la construcci\u00f3n y operaci\u00f3n de: plantas de electricidad libres de CO2 y puntos de recarga de veh\u00edculos el\u00e9ctricos. Aceptaci\u00f3n del aviso legal El acceso a esta p\u00e1gina&#8230;<\/p>\n","protected":false},"author":1,"featured_media":0,"parent":0,"menu_order":0,"comment_status":"closed","ping_status":"closed","template":"","meta":{"inline_featured_image":false,"_kad_blocks_custom_css":"","_kad_blocks_head_custom_js":"","_kad_blocks_body_custom_js":"","_kad_blocks_footer_custom_js":"","_kad_post_transparent":"","_kad_post_title":"show","_kad_post_layout":"","_kad_post_sidebar_id":"","_kad_post_content_style":"","_kad_post_vertical_padding":"","_kad_post_feature":"","_kad_post_feature_position":"","_kad_post_header":false,"_kad_post_footer":false,"_kad_post_classname":"","footnotes":""},"class_list":["post-555","page","type-page","status-publish","hentry"],"yoast_head":"<!-- This site is optimized with the Yoast SEO plugin v26.5 - https:\/\/yoast.com\/wordpress\/plugins\/seo\/ -->\n<title>Aviso legal - RespiraParc<\/title>\n<meta name=\"robots\" content=\"index, follow, max-snippet:-1, max-image-preview:large, max-video-preview:-1\" \/>\n<link rel=\"canonical\" href=\"https:\/\/respiraparc.com\/es\/aviso-legal\/\" \/>\n<meta property=\"og:locale\" content=\"es_ES\" \/>\n<meta property=\"og:type\" content=\"article\" \/>\n<meta property=\"og:title\" content=\"Aviso legal - RespiraParc\" \/>\n<meta property=\"og:description\" content=\"Datos identificativos INSPIRA ENERGIA, S.L. con CIF B66960832 y domicilio social C\/ Doctor Trueta, 183, 9-5 &#8211; 08005 Barcelona, en adelante INSPIRA ENERGIA. Es una compa\u00f1\u00eda dedicada a la construcci\u00f3n y operaci\u00f3n de: plantas de electricidad libres de CO2 y puntos de recarga de veh\u00edculos el\u00e9ctricos. Aceptaci\u00f3n del aviso legal El acceso a esta p\u00e1gina...\" \/>\n<meta property=\"og:url\" content=\"https:\/\/respiraparc.com\/es\/aviso-legal\/\" \/>\n<meta property=\"og:site_name\" content=\"RespiraParc\" \/>\n<meta property=\"article:modified_time\" content=\"2025-09-17T18:34:01+00:00\" \/>\n<meta property=\"og:image\" content=\"https:\/\/www.inspiraenergia.com\/images\/image_of_credit-cards_accpeted.gif\" \/>\n<meta name=\"twitter:card\" content=\"summary_large_image\" \/>\n<meta name=\"twitter:label1\" content=\"Tiempo de lectura\" \/>\n\t<meta name=\"twitter:data1\" content=\"7 minutos\" \/>\n<script type=\"application\/ld+json\" class=\"yoast-schema-graph\">{\"@context\":\"https:\/\/schema.org\",\"@graph\":[{\"@type\":\"WebPage\",\"@id\":\"https:\/\/respiraparc.com\/es\/aviso-legal\/\",\"url\":\"https:\/\/respiraparc.com\/es\/aviso-legal\/\",\"name\":\"Aviso legal - RespiraParc\",\"isPartOf\":{\"@id\":\"https:\/\/respiraparc.com\/es\/#website\"},\"primaryImageOfPage\":{\"@id\":\"https:\/\/respiraparc.com\/es\/aviso-legal\/#primaryimage\"},\"image\":{\"@id\":\"https:\/\/respiraparc.com\/es\/aviso-legal\/#primaryimage\"},\"thumbnailUrl\":\"https:\/\/www.inspiraenergia.com\/images\/image_of_credit-cards_accpeted.gif\",\"datePublished\":\"2025-09-17T18:21:57+00:00\",\"dateModified\":\"2025-09-17T18:34:01+00:00\",\"breadcrumb\":{\"@id\":\"https:\/\/respiraparc.com\/es\/aviso-legal\/#breadcrumb\"},\"inLanguage\":\"es\",\"potentialAction\":[{\"@type\":\"ReadAction\",\"target\":[\"https:\/\/respiraparc.com\/es\/aviso-legal\/\"]}]},{\"@type\":\"ImageObject\",\"inLanguage\":\"es\",\"@id\":\"https:\/\/respiraparc.com\/es\/aviso-legal\/#primaryimage\",\"url\":\"https:\/\/www.inspiraenergia.com\/images\/image_of_credit-cards_accpeted.gif\",\"contentUrl\":\"https:\/\/www.inspiraenergia.com\/images\/image_of_credit-cards_accpeted.gif\"},{\"@type\":\"BreadcrumbList\",\"@id\":\"https:\/\/respiraparc.com\/es\/aviso-legal\/#breadcrumb\",\"itemListElement\":[{\"@type\":\"ListItem\",\"position\":1,\"name\":\"Home\",\"item\":\"https:\/\/respiraparc.com\/es\/\"},{\"@type\":\"ListItem\",\"position\":2,\"name\":\"Aviso legal\"}]},{\"@type\":\"WebSite\",\"@id\":\"https:\/\/respiraparc.com\/es\/#website\",\"url\":\"https:\/\/respiraparc.com\/es\/\",\"name\":\"RespiraParc\",\"description\":\"Energia neta per al teu vehicle\",\"publisher\":{\"@id\":\"https:\/\/respiraparc.com\/es\/#organization\"},\"potentialAction\":[{\"@type\":\"SearchAction\",\"target\":{\"@type\":\"EntryPoint\",\"urlTemplate\":\"https:\/\/respiraparc.com\/es\/?s={search_term_string}\"},\"query-input\":{\"@type\":\"PropertyValueSpecification\",\"valueRequired\":true,\"valueName\":\"search_term_string\"}}],\"inLanguage\":\"es\"},{\"@type\":\"Organization\",\"@id\":\"https:\/\/respiraparc.com\/es\/#organization\",\"name\":\"RespiraParc\",\"url\":\"https:\/\/respiraparc.com\/es\/\",\"logo\":{\"@type\":\"ImageObject\",\"inLanguage\":\"es\",\"@id\":\"https:\/\/respiraparc.com\/es\/#\/schema\/logo\/image\/\",\"url\":\"https:\/\/respiraparc.com\/wp-content\/uploads\/2025\/12\/Respira-parc-logo.svg\",\"contentUrl\":\"https:\/\/respiraparc.com\/wp-content\/uploads\/2025\/12\/Respira-parc-logo.svg\",\"caption\":\"RespiraParc\"},\"image\":{\"@id\":\"https:\/\/respiraparc.com\/es\/#\/schema\/logo\/image\/\"}}]}<\/script>\n<!-- \/ Yoast SEO plugin. -->","yoast_head_json":{"title":"Aviso legal - RespiraParc","robots":{"index":"index","follow":"follow","max-snippet":"max-snippet:-1","max-image-preview":"max-image-preview:large","max-video-preview":"max-video-preview:-1"},"canonical":"https:\/\/respiraparc.com\/es\/aviso-legal\/","og_locale":"es_ES","og_type":"article","og_title":"Aviso legal - RespiraParc","og_description":"Datos identificativos INSPIRA ENERGIA, S.L. con CIF B66960832 y domicilio social C\/ Doctor Trueta, 183, 9-5 &#8211; 08005 Barcelona, en adelante INSPIRA ENERGIA. Es una compa\u00f1\u00eda dedicada a la construcci\u00f3n y operaci\u00f3n de: plantas de electricidad libres de CO2 y puntos de recarga de veh\u00edculos el\u00e9ctricos. Aceptaci\u00f3n del aviso legal El acceso a esta p\u00e1gina...","og_url":"https:\/\/respiraparc.com\/es\/aviso-legal\/","og_site_name":"RespiraParc","article_modified_time":"2025-09-17T18:34:01+00:00","og_image":[{"url":"https:\/\/www.inspiraenergia.com\/images\/image_of_credit-cards_accpeted.gif","type":"","width":"","height":""}],"twitter_card":"summary_large_image","twitter_misc":{"Tiempo de lectura":"7 minutos"},"schema":{"@context":"https:\/\/schema.org","@graph":[{"@type":"WebPage","@id":"https:\/\/respiraparc.com\/es\/aviso-legal\/","url":"https:\/\/respiraparc.com\/es\/aviso-legal\/","name":"Aviso legal - RespiraParc","isPartOf":{"@id":"https:\/\/respiraparc.com\/es\/#website"},"primaryImageOfPage":{"@id":"https:\/\/respiraparc.com\/es\/aviso-legal\/#primaryimage"},"image":{"@id":"https:\/\/respiraparc.com\/es\/aviso-legal\/#primaryimage"},"thumbnailUrl":"https:\/\/www.inspiraenergia.com\/images\/image_of_credit-cards_accpeted.gif","datePublished":"2025-09-17T18:21:57+00:00","dateModified":"2025-09-17T18:34:01+00:00","breadcrumb":{"@id":"https:\/\/respiraparc.com\/es\/aviso-legal\/#breadcrumb"},"inLanguage":"es","potentialAction":[{"@type":"ReadAction","target":["https:\/\/respiraparc.com\/es\/aviso-legal\/"]}]},{"@type":"ImageObject","inLanguage":"es","@id":"https:\/\/respiraparc.com\/es\/aviso-legal\/#primaryimage","url":"https:\/\/www.inspiraenergia.com\/images\/image_of_credit-cards_accpeted.gif","contentUrl":"https:\/\/www.inspiraenergia.com\/images\/image_of_credit-cards_accpeted.gif"},{"@type":"BreadcrumbList","@id":"https:\/\/respiraparc.com\/es\/aviso-legal\/#breadcrumb","itemListElement":[{"@type":"ListItem","position":1,"name":"Home","item":"https:\/\/respiraparc.com\/es\/"},{"@type":"ListItem","position":2,"name":"Aviso legal"}]},{"@type":"WebSite","@id":"https:\/\/respiraparc.com\/es\/#website","url":"https:\/\/respiraparc.com\/es\/","name":"RespiraParc","description":"Energia neta per al teu vehicle","publisher":{"@id":"https:\/\/respiraparc.com\/es\/#organization"},"potentialAction":[{"@type":"SearchAction","target":{"@type":"EntryPoint","urlTemplate":"https:\/\/respiraparc.com\/es\/?s={search_term_string}"},"query-input":{"@type":"PropertyValueSpecification","valueRequired":true,"valueName":"search_term_string"}}],"inLanguage":"es"},{"@type":"Organization","@id":"https:\/\/respiraparc.com\/es\/#organization","name":"RespiraParc","url":"https:\/\/respiraparc.com\/es\/","logo":{"@type":"ImageObject","inLanguage":"es","@id":"https:\/\/respiraparc.com\/es\/#\/schema\/logo\/image\/","url":"https:\/\/respiraparc.com\/wp-content\/uploads\/2025\/12\/Respira-parc-logo.svg","contentUrl":"https:\/\/respiraparc.com\/wp-content\/uploads\/2025\/12\/Respira-parc-logo.svg","caption":"RespiraParc"},"image":{"@id":"https:\/\/respiraparc.com\/es\/#\/schema\/logo\/image\/"}}]}},"taxonomy_info":[],"featured_image_src_large":false,"author_info":{"display_name":"jordi","author_link":"https:\/\/respiraparc.com\/es\/author\/jordi\/"},"comment_info":"","_links":{"self":[{"href":"https:\/\/respiraparc.com\/es\/wp-json\/wp\/v2\/pages\/555","targetHints":{"allow":["GET"]}}],"collection":[{"href":"https:\/\/respiraparc.com\/es\/wp-json\/wp\/v2\/pages"}],"about":[{"href":"https:\/\/respiraparc.com\/es\/wp-json\/wp\/v2\/types\/page"}],"author":[{"embeddable":true,"href":"https:\/\/respiraparc.com\/es\/wp-json\/wp\/v2\/users\/1"}],"replies":[{"embeddable":true,"href":"https:\/\/respiraparc.com\/es\/wp-json\/wp\/v2\/comments?post=555"}],"version-history":[{"count":2,"href":"https:\/\/respiraparc.com\/es\/wp-json\/wp\/v2\/pages\/555\/revisions"}],"predecessor-version":[{"id":586,"href":"https:\/\/respiraparc.com\/es\/wp-json\/wp\/v2\/pages\/555\/revisions\/586"}],"wp:attachment":[{"href":"https:\/\/respiraparc.com\/es\/wp-json\/wp\/v2\/media?parent=555"}],"curies":[{"name":"wp","href":"https:\/\/api.w.org\/{rel}","templated":true}]}}