{"id":557,"date":"2025-09-17T20:22:40","date_gmt":"2025-09-17T18:22:40","guid":{"rendered":"https:\/\/inspiraparc.com\/uso-de-cookies\/"},"modified":"2025-09-17T20:33:45","modified_gmt":"2025-09-17T18:33:45","slug":"uso-de-cookies","status":"publish","type":"page","link":"https:\/\/respiraparc.com\/es\/uso-de-cookies\/","title":{"rendered":"Uso de cookies"},"content":{"rendered":"<style>.kb-row-layout-id551_3413b4-08 > .kt-row-column-wrap{align-content:start;}:where(.kb-row-layout-id551_3413b4-08 > .kt-row-column-wrap) > .wp-block-kadence-column{justify-content:start;}.kb-row-layout-id551_3413b4-08 > .kt-row-column-wrap{column-gap:var(--global-kb-gap-md, 2rem);row-gap:var(--global-kb-gap-md, 2rem);padding-top:var(--global-kb-spacing-xl, 4rem);padding-bottom:var(--global-kb-spacing-xl, 4rem);grid-template-columns:minmax(0, 1fr);}.kb-row-layout-id551_3413b4-08 > .kt-row-layout-overlay{opacity:0.30;}@media all and (max-width: 1024px){.kb-row-layout-id551_3413b4-08 > .kt-row-column-wrap{grid-template-columns:minmax(0, 1fr);}}@media all and (max-width: 767px){.kb-row-layout-id551_3413b4-08 > .kt-row-column-wrap{grid-template-columns:minmax(0, 1fr);}}<\/style><div class=\"kb-row-layout-wrap kb-row-layout-id551_3413b4-08 alignnone wp-block-kadence-rowlayout\"><div class=\"kt-row-column-wrap kt-has-1-columns kt-row-layout-equal kt-tab-layout-inherit kt-mobile-layout-row kt-row-valign-top\">\n<style>.kadence-column551_93fc99-3f > .kt-inside-inner-col,.kadence-column551_93fc99-3f > .kt-inside-inner-col:before{border-top-left-radius:0px;border-top-right-radius:0px;border-bottom-right-radius:0px;border-bottom-left-radius:0px;}.kadence-column551_93fc99-3f > .kt-inside-inner-col{column-gap:var(--global-kb-gap-sm, 1rem);}.kadence-column551_93fc99-3f > .kt-inside-inner-col{flex-direction:column;}.kadence-column551_93fc99-3f > .kt-inside-inner-col > .aligncenter{width:100%;}.kadence-column551_93fc99-3f > .kt-inside-inner-col:before{opacity:0.3;}.kadence-column551_93fc99-3f{position:relative;}@media all and (max-width: 1024px){.kadence-column551_93fc99-3f > .kt-inside-inner-col{flex-direction:column;justify-content:center;}}@media all and (max-width: 767px){.kadence-column551_93fc99-3f > .kt-inside-inner-col{flex-direction:column;justify-content:center;}}<\/style>\n<div class=\"wp-block-kadence-column kadence-column551_93fc99-3f\"><div class=\"kt-inside-inner-col\">\n<h2 class=\"wp-block-heading\"><strong>\u00bfQu\u00e9 son las cookies?<\/strong><\/h2>\n\n\n\n<p>Una cookie es un fichero o dispositivo que se descarga en el equipo terminal de un usuario con la finalidad de almacenar datos que podr\u00e1n ser actualizados y recuperados por la entidad responsable de su instalaci\u00f3n. Es decir, es un fichero que se descarga en su ordenador al acceder a determinadas p\u00e1ginas web. Las cookies permiten a una p\u00e1gina web, entre otras cosas, almacenar y recuperar informaci\u00f3n sobre los h\u00e1bitos de navegaci\u00f3n de un usuario o de su equipo y, dependiendo de la informaci\u00f3n que contengan y de la forma en que utilice su equipo, se pueden utilizar para reconocer al usuario.  <\/p>\n\n\n\n<p>Sus principales funciones son:<\/p>\n\n\n\n<ul class=\"wp-block-list\">\n<li>Llevar el control de usuarios: cuando un usuario introduce su nombre de usuario y contrase\u00f1a, se almacena una cookie para que no tenga que estar introduci\u00e9ndolas para cada p\u00e1gina del servidor. Sin embargo, una galleta no identifica s\u00f3lo a una persona, sino a una combinaci\u00f3n de computador-navegador-usuario. <\/li>\n\n\n\n<li>Conseguir informaci\u00f3n sobre los h\u00e1bitos de navegaci\u00f3n del usuario, e intentos de spyware (programas esp\u00eda), por parte de agencias de publicidad y otros. Esto puede causar problemas de privacidad y es una de las razones por la que las cookies tienen sus detractores. <\/li>\n<\/ul>\n\n\n\n<p>Existen diferentes tipos de cookies en funci\u00f3n, sobre todo, de la finalidad para la que son utilizadas, as\u00ed se distinguen, entre otras las siguientes:<\/p>\n\n\n\n<p>Cookies de an\u00e1lisis: estas cookies se utilizan para llevar a cabo un an\u00e1lisis de los comportamientos y acciones de los usuarios de la p\u00e1gina web as\u00ed como para la elaboraci\u00f3n de perfiles de navegaci\u00f3n con la finalidad de realizar mejoras t\u00e9cnicas de funcionamiento y de servicio.<\/p>\n\n\n\n<p>Cookies publicitarias: permiten una gesti\u00f3n eficiente de espacios publicitarios en base a una serie de criterios, por ejemplo, verificar si el usuario ha tenido ya acceso o no a una noticia para proceder a actualizar-con otra nueva.<\/p>\n\n\n\n<p>Cookies de publicidad comportamental: estas cookies se encargan de almacenar informaci\u00f3n del propio comportamiento de los usuarios centr\u00e1ndose en sus h\u00e1bitos de navegaci\u00f3n. Esto permite establecer perfiles de usuario en funci\u00f3n de su comportamiento y utilizarlos para personalizar la publicidad presentada. <\/p>\n\n\n\n<p>Si el usuario desea obtener m\u00e1s informaci\u00f3n sobre las cookies puede consultar el siguiente sitio web <a href=\"http:\/\/www.aboutcookies.org\/\">http:\/\/www.aboutcookies.org\/<\/a>.<\/p>\n\n\n\n<h2 class=\"wp-block-heading\"><strong>\u00bfQu\u00e9 tipo de cookies utiliza esta p\u00e1gina web?<\/strong><\/h2>\n\n\n\n<p>La presente p\u00e1gina web est\u00e1 utilizando cookies que permiten facilitar al usuario el uso y la navegaci\u00f3n a trav\u00e9s de la misma, garantizar el acceso a determinados servicios, as\u00ed como mejorar la configuraci\u00f3n funcional de la web.<\/p>\n\n\n\n<p>Concretamente, esta p\u00e1gina web utiliza las siguientes cookies:<\/p>\n\n\n\n<figure class=\"wp-block-table\"><table class=\"has-fixed-layout\"><tbody><tr><td>JCS_INENREF<\/td><td>Utilizado para funciones antispam<\/td><td>Despu\u00e9s de un corto tiempo o al cerrar el navegador.<\/td><\/tr><tr><td>JCS_INENTIM<\/td><td>Utilizado para funciones antispam<\/td><td>Despu\u00e9s de un corto tiempo o al cerrar el navegador.<\/td><\/tr><tr><td>PHPSESSID<\/td><td>Esta galleta se utiliza para establecer una sesi\u00f3n de usuario y es una referencia a un ID de sesi\u00f3n \u00fanico establecido por nuestro c\u00f3digo de sitio web (PHP). Desaparece cuando finaliza la sesi\u00f3n (cuando cierra el navegador) <\/td><td>Despu\u00e9s de un corto tiempo o al cerrar el navegador.<\/td><\/tr><tr><td>wp-settings-7<\/td><td>Configuraci\u00f3n de WordPress<\/td><td>  1 d\u00eda<\/td><\/tr><tr><td>wp-settings-7-time<\/td><td>Configuraci\u00f3n de WordPress<\/td><td>  1 d\u00eda<\/td><\/tr><tr><td>wordpress_test_cookie<\/td><td>WordPress establece esta galleta cuando navega en la p\u00e1gina de inicio de sesi\u00f3n. La galleta se utiliza para verificar si su navegador web est\u00e1 configurado para permitir o rechazar las galletas. <\/td><td>Despu\u00e9s de un corto tiempo o al cerrar el navegador.<\/td><\/tr><tr><td>_icl_current_language<\/td><td>Control del idioma seleccionado para futuras sesiones<\/td><td>1 d\u00eda<\/td><\/tr><tr><td>_ga<\/td><td>Se utiliza para distinguir a los usuarios.<\/td><td>2 a\u00f1os<\/td><\/tr><tr><td>_gid<\/td><td>Se utiliza para distinguir a los usuarios.<\/td><td>24 horas<\/td><\/tr><tr><td>_gat o _dc_gtm<\/td><td>Se utiliza para limitar el porcentaje de solicitudes.<\/td><td>1 minuto<\/td><\/tr><tr><td>moove_gdpr_popup<\/td><td>Se utiliza guardar tus preferencias de cookies.<\/td><td>1 a\u00f1o<\/td><\/tr><\/tbody><\/table><\/figure>\n\n\n\n<h2 class=\"wp-block-heading\"><strong>\u00bfC\u00f3mo gestionar la configuraci\u00f3n de las cookies?<\/strong><\/h2>\n\n\n\n<p>En el presente apartado se lleva a cabo una breve exposici\u00f3n de c\u00f3mo consultar y llevar a cabo la configuraci\u00f3n del sistema de cookies en relaci\u00f3n a los navegadores m\u00e1s comunes o m\u00e1s utilizados por los usuarios.<\/p>\n\n\n\n<p>En este sentido, pr\u00e1cticamente todos los navegadores permiten al usuario obtener informaci\u00f3n general sobre las cookies instaladas en una p\u00e1gina web, concretamente verificar la existencia de las mismas, su duraci\u00f3n o el sistema de eliminaci\u00f3n. En este sentido, a t\u00edtulo informativo, se facilitan una serie de enlaces relacionados: <\/p>\n\n\n\n<ul class=\"wp-block-list\">\n<li><a href=\"https:\/\/support.google.com\/chrome\/answer\/95647?hl=es\">Google Chrome<\/a><\/li>\n\n\n\n<li><a href=\"https:\/\/support.mozilla.org\/es\/kb\/cookies-informacion-que-los-sitios-web-guardan-en-\">Mozilla Firefox<\/a><\/li>\n\n\n\n<li><a href=\"http:\/\/windows.microsoft.com\/es-es\/windows7\/how-to-manage-cookies-in-internet-explorer-9\">Internet Explorer<\/a><\/li>\n<\/ul>\n\n\n\n<p>Por otro lado, el usuario podr\u00e1 permitir, bloquear o eliminar las cookies instaladas en su equipo modificando la configuraci\u00f3n de su navegador de acuerdo con las instrucciones indicadas en el mismo. A t\u00edtulo informativo se indica que habitualmente la configuraci\u00f3n de las cookies se suele llevar a cabo en el men\u00fa \u00abPreferencias\u00bb o \u00abHerramientas\u00bb de cada navegador, en cualquier caso, siempre podr\u00e1 acudir a la ayuda de su navegador para solucionar o resolver las dudas que se le generen al respecto. <\/p>\n\n\n\n<p>Conviene tener en cuenta que, si se impide la instalaci\u00f3n de todas las cookies, el contenido de la web as\u00ed como determinadas funcionalidades y servicios facilitados por la misma pueden verse afectados.<\/p>\n<\/div><\/div>\n\n<\/div><\/div>","protected":false},"excerpt":{"rendered":"<p>\u00bfQu\u00e9 son las cookies? Una cookie es un fichero o dispositivo que se descarga en el equipo terminal de un usuario con la finalidad de almacenar datos que podr\u00e1n ser actualizados y recuperados por la entidad responsable de su instalaci\u00f3n. Es decir, es un fichero que se descarga en su ordenador al acceder a determinadas&#8230;<\/p>\n","protected":false},"author":1,"featured_media":0,"parent":0,"menu_order":0,"comment_status":"closed","ping_status":"closed","template":"","meta":{"inline_featured_image":false,"_kad_blocks_custom_css":"","_kad_blocks_head_custom_js":"","_kad_blocks_body_custom_js":"","_kad_blocks_footer_custom_js":"","_kad_post_transparent":"","_kad_post_title":"show","_kad_post_layout":"","_kad_post_sidebar_id":"","_kad_post_content_style":"","_kad_post_vertical_padding":"","_kad_post_feature":"","_kad_post_feature_position":"","_kad_post_header":false,"_kad_post_footer":false,"_kad_post_classname":"","footnotes":""},"class_list":["post-557","page","type-page","status-publish","hentry"],"yoast_head":"<!-- This site is optimized with the Yoast SEO plugin v26.5 - https:\/\/yoast.com\/wordpress\/plugins\/seo\/ -->\n<title>Uso de cookies - RespiraParc<\/title>\n<meta name=\"robots\" content=\"index, follow, max-snippet:-1, max-image-preview:large, max-video-preview:-1\" \/>\n<link rel=\"canonical\" href=\"https:\/\/respiraparc.com\/es\/uso-de-cookies\/\" \/>\n<meta property=\"og:locale\" content=\"es_ES\" \/>\n<meta property=\"og:type\" content=\"article\" \/>\n<meta property=\"og:title\" content=\"Uso de cookies - RespiraParc\" \/>\n<meta property=\"og:description\" content=\"\u00bfQu\u00e9 son las cookies? Una cookie es un fichero o dispositivo que se descarga en el equipo terminal de un usuario con la finalidad de almacenar datos que podr\u00e1n ser actualizados y recuperados por la entidad responsable de su instalaci\u00f3n. Es decir, es un fichero que se descarga en su ordenador al acceder a determinadas...\" \/>\n<meta property=\"og:url\" content=\"https:\/\/respiraparc.com\/es\/uso-de-cookies\/\" \/>\n<meta property=\"og:site_name\" content=\"RespiraParc\" \/>\n<meta property=\"article:modified_time\" content=\"2025-09-17T18:33:45+00:00\" \/>\n<meta name=\"twitter:card\" content=\"summary_large_image\" \/>\n<meta name=\"twitter:label1\" content=\"Tiempo de lectura\" \/>\n\t<meta name=\"twitter:data1\" content=\"5 minutos\" \/>\n<script type=\"application\/ld+json\" class=\"yoast-schema-graph\">{\"@context\":\"https:\/\/schema.org\",\"@graph\":[{\"@type\":\"WebPage\",\"@id\":\"https:\/\/respiraparc.com\/es\/uso-de-cookies\/\",\"url\":\"https:\/\/respiraparc.com\/es\/uso-de-cookies\/\",\"name\":\"Uso de cookies - RespiraParc\",\"isPartOf\":{\"@id\":\"https:\/\/respiraparc.com\/es\/#website\"},\"datePublished\":\"2025-09-17T18:22:40+00:00\",\"dateModified\":\"2025-09-17T18:33:45+00:00\",\"breadcrumb\":{\"@id\":\"https:\/\/respiraparc.com\/es\/uso-de-cookies\/#breadcrumb\"},\"inLanguage\":\"es\",\"potentialAction\":[{\"@type\":\"ReadAction\",\"target\":[\"https:\/\/respiraparc.com\/es\/uso-de-cookies\/\"]}]},{\"@type\":\"BreadcrumbList\",\"@id\":\"https:\/\/respiraparc.com\/es\/uso-de-cookies\/#breadcrumb\",\"itemListElement\":[{\"@type\":\"ListItem\",\"position\":1,\"name\":\"Home\",\"item\":\"https:\/\/respiraparc.com\/es\/\"},{\"@type\":\"ListItem\",\"position\":2,\"name\":\"Uso de cookies\"}]},{\"@type\":\"WebSite\",\"@id\":\"https:\/\/respiraparc.com\/es\/#website\",\"url\":\"https:\/\/respiraparc.com\/es\/\",\"name\":\"RespiraParc\",\"description\":\"Energia neta per al teu vehicle\",\"publisher\":{\"@id\":\"https:\/\/respiraparc.com\/es\/#organization\"},\"potentialAction\":[{\"@type\":\"SearchAction\",\"target\":{\"@type\":\"EntryPoint\",\"urlTemplate\":\"https:\/\/respiraparc.com\/es\/?s={search_term_string}\"},\"query-input\":{\"@type\":\"PropertyValueSpecification\",\"valueRequired\":true,\"valueName\":\"search_term_string\"}}],\"inLanguage\":\"es\"},{\"@type\":\"Organization\",\"@id\":\"https:\/\/respiraparc.com\/es\/#organization\",\"name\":\"RespiraParc\",\"url\":\"https:\/\/respiraparc.com\/es\/\",\"logo\":{\"@type\":\"ImageObject\",\"inLanguage\":\"es\",\"@id\":\"https:\/\/respiraparc.com\/es\/#\/schema\/logo\/image\/\",\"url\":\"https:\/\/respiraparc.com\/wp-content\/uploads\/2025\/12\/Respira-parc-logo.svg\",\"contentUrl\":\"https:\/\/respiraparc.com\/wp-content\/uploads\/2025\/12\/Respira-parc-logo.svg\",\"caption\":\"RespiraParc\"},\"image\":{\"@id\":\"https:\/\/respiraparc.com\/es\/#\/schema\/logo\/image\/\"}}]}<\/script>\n<!-- \/ Yoast SEO plugin. -->","yoast_head_json":{"title":"Uso de cookies - RespiraParc","robots":{"index":"index","follow":"follow","max-snippet":"max-snippet:-1","max-image-preview":"max-image-preview:large","max-video-preview":"max-video-preview:-1"},"canonical":"https:\/\/respiraparc.com\/es\/uso-de-cookies\/","og_locale":"es_ES","og_type":"article","og_title":"Uso de cookies - RespiraParc","og_description":"\u00bfQu\u00e9 son las cookies? Una cookie es un fichero o dispositivo que se descarga en el equipo terminal de un usuario con la finalidad de almacenar datos que podr\u00e1n ser actualizados y recuperados por la entidad responsable de su instalaci\u00f3n. Es decir, es un fichero que se descarga en su ordenador al acceder a determinadas...","og_url":"https:\/\/respiraparc.com\/es\/uso-de-cookies\/","og_site_name":"RespiraParc","article_modified_time":"2025-09-17T18:33:45+00:00","twitter_card":"summary_large_image","twitter_misc":{"Tiempo de lectura":"5 minutos"},"schema":{"@context":"https:\/\/schema.org","@graph":[{"@type":"WebPage","@id":"https:\/\/respiraparc.com\/es\/uso-de-cookies\/","url":"https:\/\/respiraparc.com\/es\/uso-de-cookies\/","name":"Uso de cookies - RespiraParc","isPartOf":{"@id":"https:\/\/respiraparc.com\/es\/#website"},"datePublished":"2025-09-17T18:22:40+00:00","dateModified":"2025-09-17T18:33:45+00:00","breadcrumb":{"@id":"https:\/\/respiraparc.com\/es\/uso-de-cookies\/#breadcrumb"},"inLanguage":"es","potentialAction":[{"@type":"ReadAction","target":["https:\/\/respiraparc.com\/es\/uso-de-cookies\/"]}]},{"@type":"BreadcrumbList","@id":"https:\/\/respiraparc.com\/es\/uso-de-cookies\/#breadcrumb","itemListElement":[{"@type":"ListItem","position":1,"name":"Home","item":"https:\/\/respiraparc.com\/es\/"},{"@type":"ListItem","position":2,"name":"Uso de cookies"}]},{"@type":"WebSite","@id":"https:\/\/respiraparc.com\/es\/#website","url":"https:\/\/respiraparc.com\/es\/","name":"RespiraParc","description":"Energia neta per al teu vehicle","publisher":{"@id":"https:\/\/respiraparc.com\/es\/#organization"},"potentialAction":[{"@type":"SearchAction","target":{"@type":"EntryPoint","urlTemplate":"https:\/\/respiraparc.com\/es\/?s={search_term_string}"},"query-input":{"@type":"PropertyValueSpecification","valueRequired":true,"valueName":"search_term_string"}}],"inLanguage":"es"},{"@type":"Organization","@id":"https:\/\/respiraparc.com\/es\/#organization","name":"RespiraParc","url":"https:\/\/respiraparc.com\/es\/","logo":{"@type":"ImageObject","inLanguage":"es","@id":"https:\/\/respiraparc.com\/es\/#\/schema\/logo\/image\/","url":"https:\/\/respiraparc.com\/wp-content\/uploads\/2025\/12\/Respira-parc-logo.svg","contentUrl":"https:\/\/respiraparc.com\/wp-content\/uploads\/2025\/12\/Respira-parc-logo.svg","caption":"RespiraParc"},"image":{"@id":"https:\/\/respiraparc.com\/es\/#\/schema\/logo\/image\/"}}]}},"taxonomy_info":[],"featured_image_src_large":false,"author_info":{"display_name":"jordi","author_link":"https:\/\/respiraparc.com\/es\/author\/jordi\/"},"comment_info":"","_links":{"self":[{"href":"https:\/\/respiraparc.com\/es\/wp-json\/wp\/v2\/pages\/557","targetHints":{"allow":["GET"]}}],"collection":[{"href":"https:\/\/respiraparc.com\/es\/wp-json\/wp\/v2\/pages"}],"about":[{"href":"https:\/\/respiraparc.com\/es\/wp-json\/wp\/v2\/types\/page"}],"author":[{"embeddable":true,"href":"https:\/\/respiraparc.com\/es\/wp-json\/wp\/v2\/users\/1"}],"replies":[{"embeddable":true,"href":"https:\/\/respiraparc.com\/es\/wp-json\/wp\/v2\/comments?post=557"}],"version-history":[{"count":2,"href":"https:\/\/respiraparc.com\/es\/wp-json\/wp\/v2\/pages\/557\/revisions"}],"predecessor-version":[{"id":585,"href":"https:\/\/respiraparc.com\/es\/wp-json\/wp\/v2\/pages\/557\/revisions\/585"}],"wp:attachment":[{"href":"https:\/\/respiraparc.com\/es\/wp-json\/wp\/v2\/media?parent=557"}],"curies":[{"name":"wp","href":"https:\/\/api.w.org\/{rel}","templated":true}]}}